{"id":2444,"date":"2023-03-15T17:00:45","date_gmt":"2023-03-15T16:00:45","guid":{"rendered":"http:\/\/www.lebreuilbourgogne.fr\/?page_id=2444"},"modified":"2025-12-16T14:42:09","modified_gmt":"2025-12-16T13:42:09","slug":"la-ville-du-breuil","status":"publish","type":"page","link":"https:\/\/www.lebreuilbourgogne.fr\/index.php\/ma-ville\/histoire-et-tourisme\/la-ville-du-breuil\/","title":{"rendered":"La ville du Breuil"},"content":{"rendered":"\n<div class=\"wp-block-cover alignfull is-light\" style=\"min-height:451px;aspect-ratio:unset;\"><img loading=\"lazy\" decoding=\"async\" width=\"353\" height=\"264\" class=\"wp-block-cover__image-background wp-image-2446\" alt=\"\" src=\"http:\/\/www.lebreuilbourgogne.fr\/wp-content\/uploads\/2023\/03\/71670-Le-Breuil-place-de-la-fraternite-8.jpg\" style=\"object-position:47% 65%\" data-object-fit=\"cover\" data-object-position=\"47% 65%\" srcset=\"https:\/\/www.lebreuilbourgogne.fr\/wp-content\/uploads\/2023\/03\/71670-Le-Breuil-place-de-la-fraternite-8.jpg 353w, https:\/\/www.lebreuilbourgogne.fr\/wp-content\/uploads\/2023\/03\/71670-Le-Breuil-place-de-la-fraternite-8-300x224.jpg 300w\" sizes=\"auto, (max-width: 353px) 100vw, 353px\" \/><span aria-hidden=\"true\" class=\"wp-block-cover__background has-background-dim\"><\/span><div class=\"wp-block-cover__inner-container is-layout-flow wp-block-cover-is-layout-flow\">\n<p class=\"has-text-align-center has-ast-global-color-4-color has-text-color has-link-color wp-elements-ce66dc4cd152a30658e5b88f2d93ecdc\" style=\"font-size:70px;font-style:normal;font-weight:900;line-height:2;text-transform:uppercase\">La ville du Breuil<\/p>\n<\/div><\/div>\n\n\n\n<div style=\"height:65px\" aria-hidden=\"true\" class=\"wp-block-spacer\"><\/div>\n\n\n\n<div class=\"wp-block-columns alignwide is-layout-flex wp-container-core-columns-is-layout-28f84493 wp-block-columns-is-layout-flex\">\n<div class=\"wp-block-column is-layout-flow wp-block-column-is-layout-flow\" style=\"flex-basis:60%\">\n<p class=\"has-text-align-center has-ast-global-color-4-color has-ast-global-color-0-background-color has-text-color has-background has-medium-font-size\"><strong>Situ\u00e9 en Sa\u00f4ne-et-Loire, pr\u00e8s de la ville du Creusot, Le Breuil conjugue \u00e0 tous les temps et sur tous les modes l\u2019\u00e9quilibre d\u2019une ville \u00e0 la campagne et le dynamisme d\u2019une cit\u00e9 r\u00e9solument tourn\u00e9e vers l\u2019avenir, mais fi\u00e8re de ses racines ouvri\u00e8res.<\/strong><strong><\/strong><\/p>\n\n\n\n<p style=\"font-size:18px\"><strong>La commune marie avec bonheur des espaces urbains agr\u00e9ablement am\u00e9nag\u00e9s et de vastes espaces  naturels. Ses atouts permettent aux visiteurs de profiter dans les meilleures conditions possibles de leur s\u00e9jour en Sa\u00f4ne-et-Loire<\/strong>, en effet, Le Breuil, \u00e0&nbsp;<strong>deux pas de la gare TGV du Creusot<\/strong>, \u00e0 proximit\u00e9 imm\u00e9diate de la RCEA, se trouve id\u00e9alement situ\u00e9 pour d\u00e9couvrir le&nbsp;<strong>patrimoine industriel et historique de la Bourgogne<\/strong>&nbsp;et ses nombreuses richesses naturelles. <\/p>\n\n\n\n<p style=\"font-size:18px\">Tout au long de l\u2019ann\u00e9e, les brog\u00e9liens et les visiteurs peuvent profiter d\u2019un programme d\u2019animations de plus en plus \u00e9toff\u00e9, m\u00ealant concerts, expositions, salons, manifestations sportives et f\u00eates populaires.<\/p>\n\n\n\n<p style=\"font-size:18px\">L\u2019\u00e9t\u00e9, les familles se retrouvent sur les plages du&nbsp;<strong>lac de Montaubry<\/strong>, am\u00e9nag\u00e9es pour permettre \u00e0 tous d\u2019acc\u00e9der aux loisirs nautiques.<br><strong>La plage des patins<\/strong>&nbsp;se pr\u00eate \u00e0 la baignade et aux sports d\u2019eau.<\/p>\n\n\n\n<p style=\"font-size:18px\"><strong>Conjuguant sports, loisirs, culture, \u00e9quipements urbains et cadre naturel pr\u00e9serv\u00e9, le Breuil veut \u00eatre une ville agr\u00e9able \u00e0 vivre.<\/strong><\/p>\n<\/div>\n\n\n\n<div class=\"wp-block-column is-layout-flow wp-block-column-is-layout-flow\" style=\"flex-basis:40%\">\n<iframe src=\"https:\/\/www.google.com\/maps\/embed?pb=!1m18!1m12!1m3!1d2731.4514930616656!2d4.478025333808505!3d46.795411584936566!2m3!1f0!2f0!3f0!3m2!1i1024!2i768!4f13.1!3m3!1m2!1s0x47f24dc9d3da9fcd%3A0x15224183bfe27d24!2sMairie!5e0!3m2!1sfr!2sfr!4v1678896033812!5m2!1sfr!2sfr\" width=\"600\" height=\"450\" style=\"border:0;\" allowfullscreen=\"\" loading=\"lazy\" referrerpolicy=\"no-referrer-when-downgrade\"><\/iframe>\n<\/div>\n<\/div>\n\n\n\n<h2 class=\"wp-block-heading alignwide has-text-align-center has-ast-global-color-0-color has-text-color has-large-font-size\"><strong>Nouveaux brog\u00e9liens<\/strong><\/h2>\n\n\n\n<hr class=\"wp-block-separator has-alpha-channel-opacity\"\/>\n\n\n\n<div class=\"wp-block-columns is-layout-flex wp-container-core-columns-is-layout-28f84493 wp-block-columns-is-layout-flex\">\n<div class=\"wp-block-column is-layout-flow wp-block-column-is-layout-flow\">\n<p class=\"has-text-align-center\" style=\"font-size:25px\"><strong>Vous venez d&#8217;emm\u00e9nager au Breuil ? <\/strong><\/p>\n\n\n\n<p style=\"font-size:18px\">Chaque ann\u00e9e, la municipalit\u00e9 accueille les nouveaux brog\u00e9liens pour faire plus ample connaissance avec le Maire, le Conseil municipal et les associations en d\u00e9but d\u2019ann\u00e9e civile.<\/p>\n\n\n\n<p style=\"font-size:18px\">Pour recevoir une invitation, merci de remplir et nous faire parvenir le document \u00ab\u00a0Formulaire nouveaux arrivants\u00a0\u00bb ci-dessous.<\/p>\n\n\n\n<div style=\"height:42px\" aria-hidden=\"true\" class=\"wp-block-spacer\"><\/div>\n\n\n\n<div data-wp-interactive=\"core\/file\" class=\"wp-block-file\"><object data-wp-bind--hidden=\"!state.hasPdfPreview\" hidden class=\"wp-block-file__embed\" data=\"https:\/\/www.lebreuilbourgogne.fr\/wp-content\/uploads\/2025\/12\/FORMULAIRE-NOUVEAUX-ARRIVANTS-3.pdf\" type=\"application\/pdf\" style=\"width:100%;height:600px\" aria-label=\"Contenu embarqu\u00e9 FORMULAIRE NOUVEAUX ARRIVANTS (3).\"><\/object><a id=\"wp-block-file--media-661b4d25-c95d-4774-88b1-a0d30fc3df9a\" href=\"https:\/\/www.lebreuilbourgogne.fr\/wp-content\/uploads\/2025\/12\/FORMULAIRE-NOUVEAUX-ARRIVANTS-3.pdf\">FORMULAIRE NOUVEAUX ARRIVANTS (3)<\/a><a href=\"https:\/\/www.lebreuilbourgogne.fr\/wp-content\/uploads\/2025\/12\/FORMULAIRE-NOUVEAUX-ARRIVANTS-3.pdf\" class=\"wp-block-file__button wp-element-button\" download aria-describedby=\"wp-block-file--media-661b4d25-c95d-4774-88b1-a0d30fc3df9a\">T\u00e9l\u00e9charger<\/a><\/div>\n<\/div>\n\n\n\n<div class=\"wp-block-column is-layout-flow wp-block-column-is-layout-flow\">\n<p class=\"has-text-align-center\" style=\"font-size:25px\"><strong>Inscription sur les listes \u00e9lectorales<\/strong><\/p>\n\n\n\n<p style=\"font-size:18px\">Pour \u00eatre en mesure de voter aux prochaines \u00e9lections, il est n\u00e9cessaire de vous inscrire sur les listes \u00e9lectorales de notre commune. l\u2019inscription sur les listes \u00e9lectorales peut \u00eatre r\u00e9alis\u00e9e en ligne.<\/p>\n\n\n\n<p style=\"font-size:18px\"><strong>\u00c0 l\u2019appui de votre demande d\u2019inscription, vous aurez \u00e0 transmettre<\/strong> un justificatif de&nbsp;<strong>votre identit\u00e9<\/strong>&nbsp;(carte d&rsquo;identit\u00e9 ou passeport) et un justificatif de<strong>&nbsp;domicile<\/strong>&nbsp;de moins de 3 mois(facture \u00e9nergie, internet, avis d&rsquo;imposition &#8230;).<\/p>\n\n\n\n<p class=\"has-text-align-center has-ast-global-color-4-color has-ast-global-color-1-background-color has-text-color has-background\" style=\"font-size:20px;text-transform:uppercase\"><strong><a href=\"https:\/\/www.service-public.fr\/particuliers\/vosdroits\/R16396\">Service-public<\/a><\/strong><\/p>\n<\/div>\n<\/div>\n\n\n\n<p><\/p>\n","protected":false},"excerpt":{"rendered":"<p>Situ\u00e9 en Sa\u00f4ne-et-Loire, pr\u00e8s de la ville du Creusot, Le Breuil conjugue \u00e0 tous les temps et sur tous les modes l\u2019\u00e9quilibre d\u2019une ville \u00e0 la campagne et le dynamisme [&hellip;]<\/p>\n","protected":false},"author":2,"featured_media":0,"parent":2316,"menu_order":0,"comment_status":"closed","ping_status":"closed","template":"","meta":{"_monsterinsights_skip_tracking":false,"_monsterinsights_sitenote_active":false,"_monsterinsights_sitenote_note":"","_monsterinsights_sitenote_category":0,"site-sidebar-layout":"default","site-content-layout":"","ast-site-content-layout":"default","site-content-style":"default","site-sidebar-style":"default","ast-global-header-display":"","ast-banner-title-visibility":"","ast-main-header-display":"","ast-hfb-above-header-display":"","ast-hfb-below-header-display":"","ast-hfb-mobile-header-display":"","site-post-title":"disabled","ast-breadcrumbs-content":"","ast-featured-img":"","footer-sml-layout":"","theme-transparent-header-meta":"","adv-header-id-meta":"","stick-header-meta":"","header-above-stick-meta":"","header-main-stick-meta":"","header-below-stick-meta":"","astra-migrate-meta-layouts":"set","ast-page-background-enabled":"default","ast-page-background-meta":{"desktop":{"background-color":"var(--ast-global-color-4)","background-image":"","background-repeat":"repeat","background-position":"center center","background-size":"auto","background-attachment":"scroll","background-type":"","background-media":"","overlay-type":"","overlay-color":"","overlay-opacity":"","overlay-gradient":""},"tablet":{"background-color":"","background-image":"","background-repeat":"repeat","background-position":"center center","background-size":"auto","background-attachment":"scroll","background-type":"","background-media":"","overlay-type":"","overlay-color":"","overlay-opacity":"","overlay-gradient":""},"mobile":{"background-color":"","background-image":"","background-repeat":"repeat","background-position":"center center","background-size":"auto","background-attachment":"scroll","background-type":"","background-media":"","overlay-type":"","overlay-color":"","overlay-opacity":"","overlay-gradient":""}},"ast-content-background-meta":{"desktop":{"background-color":"var(--ast-global-color-5)","background-image":"","background-repeat":"repeat","background-position":"center center","background-size":"auto","background-attachment":"scroll","background-type":"","background-media":"","overlay-type":"","overlay-color":"","overlay-opacity":"","overlay-gradient":""},"tablet":{"background-color":"var(--ast-global-color-5)","background-image":"","background-repeat":"repeat","background-position":"center center","background-size":"auto","background-attachment":"scroll","background-type":"","background-media":"","overlay-type":"","overlay-color":"","overlay-opacity":"","overlay-gradient":""},"mobile":{"background-color":"var(--ast-global-color-5)","background-image":"","background-repeat":"repeat","background-position":"center center","background-size":"auto","background-attachment":"scroll","background-type":"","background-media":"","overlay-type":"","overlay-color":"","overlay-opacity":"","overlay-gradient":""}},"_EventAllDay":false,"_EventTimezone":"","_EventStartDate":"","_EventEndDate":"","_EventStartDateUTC":"","_EventEndDateUTC":"","_EventShowMap":false,"_EventShowMapLink":false,"_EventURL":"","_EventCost":"","_EventCostDescription":"","_EventCurrencySymbol":"","_EventCurrencyCode":"","_EventCurrencyPosition":"","_EventDateTimeSeparator":"","_EventTimeRangeSeparator":"","_EventOrganizerID":[],"_EventVenueID":[],"_OrganizerEmail":"","_OrganizerPhone":"","_OrganizerWebsite":"","_VenueAddress":"","_VenueCity":"","_VenueCountry":"","_VenueProvince":"","_VenueState":"","_VenueZip":"","_VenuePhone":"","_VenueURL":"","_VenueStateProvince":"","_VenueLat":"","_VenueLng":"","_VenueShowMap":false,"_VenueShowMapLink":false,"footnotes":""},"class_list":["post-2444","page","type-page","status-publish","hentry"],"_links":{"self":[{"href":"https:\/\/www.lebreuilbourgogne.fr\/index.php\/wp-json\/wp\/v2\/pages\/2444","targetHints":{"allow":["GET"]}}],"collection":[{"href":"https:\/\/www.lebreuilbourgogne.fr\/index.php\/wp-json\/wp\/v2\/pages"}],"about":[{"href":"https:\/\/www.lebreuilbourgogne.fr\/index.php\/wp-json\/wp\/v2\/types\/page"}],"author":[{"embeddable":true,"href":"https:\/\/www.lebreuilbourgogne.fr\/index.php\/wp-json\/wp\/v2\/users\/2"}],"replies":[{"embeddable":true,"href":"https:\/\/www.lebreuilbourgogne.fr\/index.php\/wp-json\/wp\/v2\/comments?post=2444"}],"version-history":[{"count":24,"href":"https:\/\/www.lebreuilbourgogne.fr\/index.php\/wp-json\/wp\/v2\/pages\/2444\/revisions"}],"predecessor-version":[{"id":7549,"href":"https:\/\/www.lebreuilbourgogne.fr\/index.php\/wp-json\/wp\/v2\/pages\/2444\/revisions\/7549"}],"up":[{"embeddable":true,"href":"https:\/\/www.lebreuilbourgogne.fr\/index.php\/wp-json\/wp\/v2\/pages\/2316"}],"wp:attachment":[{"href":"https:\/\/www.lebreuilbourgogne.fr\/index.php\/wp-json\/wp\/v2\/media?parent=2444"}],"curies":[{"name":"wp","href":"https:\/\/api.w.org\/{rel}","templated":true}]}}