{"id":2462,"date":"2023-03-16T11:49:26","date_gmt":"2023-03-16T10:49:26","guid":{"rendered":"http:\/\/www.lebreuilbourgogne.fr\/?page_id=2462"},"modified":"2024-01-30T10:14:18","modified_gmt":"2024-01-30T09:14:18","slug":"histoire-et-patrimoine","status":"publish","type":"page","link":"https:\/\/www.lebreuilbourgogne.fr\/index.php\/ma-ville\/histoire-et-tourisme\/histoire-et-patrimoine\/","title":{"rendered":"Histoire et Patrimoine"},"content":{"rendered":"\n<div class=\"wp-block-cover alignfull\" style=\"min-height:449px;aspect-ratio:unset;\"><span aria-hidden=\"true\" class=\"wp-block-cover__background has-background-dim\"><\/span><img loading=\"lazy\" decoding=\"async\" width=\"2560\" height=\"1920\" class=\"wp-block-cover__image-background wp-image-2439\" alt=\"\" src=\"http:\/\/www.lebreuilbourgogne.fr\/wp-content\/uploads\/2023\/03\/4110358-scaled.jpg\" style=\"object-position:55% 39%\" data-object-fit=\"cover\" data-object-position=\"55% 39%\" srcset=\"https:\/\/www.lebreuilbourgogne.fr\/wp-content\/uploads\/2023\/03\/4110358-scaled.jpg 2560w, https:\/\/www.lebreuilbourgogne.fr\/wp-content\/uploads\/2023\/03\/4110358-300x225.jpg 300w, https:\/\/www.lebreuilbourgogne.fr\/wp-content\/uploads\/2023\/03\/4110358-1024x768.jpg 1024w, https:\/\/www.lebreuilbourgogne.fr\/wp-content\/uploads\/2023\/03\/4110358-768x576.jpg 768w, https:\/\/www.lebreuilbourgogne.fr\/wp-content\/uploads\/2023\/03\/4110358-1536x1152.jpg 1536w, https:\/\/www.lebreuilbourgogne.fr\/wp-content\/uploads\/2023\/03\/4110358-2048x1536.jpg 2048w\" sizes=\"auto, (max-width: 2560px) 100vw, 2560px\" \/><div class=\"wp-block-cover__inner-container is-layout-flow wp-block-cover-is-layout-flow\">\n<p class=\"has-text-align-center has-ast-global-color-4-color has-text-color\" style=\"font-size:58px;font-style:normal;font-weight:900;line-height:1.3;text-transform:uppercase\">Histoire et patrimoine<\/p>\n<\/div><\/div>\n\n\n\n<div class=\"wp-block-columns is-layout-flex wp-container-core-columns-is-layout-28f84493 wp-block-columns-is-layout-flex\">\n<div class=\"wp-block-column is-layout-flow wp-block-column-is-layout-flow\">\n<figure class=\"wp-block-image size-full is-resized\"><img loading=\"lazy\" decoding=\"async\" width=\"461\" height=\"346\" src=\"http:\/\/www.lebreuilbourgogne.fr\/wp-content\/uploads\/2023\/07\/71670-Le-Breuil-mairie-2.jpg\" alt=\"\" class=\"wp-image-2600\" style=\"width:530px;height:398px\" srcset=\"https:\/\/www.lebreuilbourgogne.fr\/wp-content\/uploads\/2023\/07\/71670-Le-Breuil-mairie-2.jpg 461w, https:\/\/www.lebreuilbourgogne.fr\/wp-content\/uploads\/2023\/07\/71670-Le-Breuil-mairie-2-300x225.jpg 300w\" sizes=\"auto, (max-width: 461px) 100vw, 461px\" \/><\/figure>\n<\/div>\n\n\n\n<div class=\"wp-block-column is-layout-flow wp-block-column-is-layout-flow\">\n<p class=\"has-text-align-center has-ast-global-color-4-color has-ast-global-color-0-background-color has-text-color has-background has-medium-font-size\"><strong>Les origines du Breuil remontent \u00e0 la nuit des temps<\/strong><\/p>\n\n\n\n<p class=\"has-text-align-center\" style=\"font-size:18px\">C\u2019est au&nbsp;<strong>N\u00e9olithique<\/strong>&nbsp;que les premiers agriculteurs se manifestent. Plus de 300 silex, \u00e9clats ou outils correspondant \u00e0 cette p\u00e9riode ont \u00e9t\u00e9 collect\u00e9s \u00e0 la Pointe des Bruy\u00e8res. Cette petite industrie lithique exprime des affinit\u00e9s avec d\u2019autres gisements r\u00e9gionaux du N\u00e9olithique final dont celui d\u2019Ouroux-sur-Sa\u00f4ne. La grande proportion des armatures de fl\u00e8ches tranchantes semble traduire la survivance d\u2019une tradition h\u00e9rit\u00e9e du N\u00e9olithique moyen et incite \u00e0 dater ce gisement entre 2500 \u00e0 2800 ans avant notre \u00e8re. Plac\u00e9 sur le parcours de la voie d\u2019Autun \u00e0 Tournus et M\u00e2con, Le Breuil ne pouvait pas \u00eatre \u00e0 l\u2019\u00e9cart du monde gallo-romain. En 1858, au Garnoy, une grande quantit\u00e9 de&nbsp;<strong>monnaies romaines<\/strong>&nbsp;a \u00e9t\u00e9 d\u00e9couverte fortuitement&nbsp;[<a href=\"https:\/\/www.lebreuilbourgogne.fr\/-Drole-d-Histoire-#nb1\">1<\/a>]. Plus r\u00e9cemment,&nbsp;<strong>les vestiges gallo-romains&nbsp;<\/strong>trouv\u00e9s non seulement \u00e0 l\u2019emplacement du bourg actuel, notamment \u00e0 l\u2019arri\u00e8re du ch\u00e2teau, dans la proximit\u00e9 de l\u2019\u00e9glise et de la nouvelle mairie, mais aussi pr\u00e8s des Lavriots, des Buissons, du Paradis t\u00e9moignent de l\u2019existence de constructions gallo-romaines importantes.<\/p>\n<\/div>\n<\/div>\n\n\n\n<div class=\"wp-block-columns is-layout-flex wp-container-core-columns-is-layout-28f84493 wp-block-columns-is-layout-flex\">\n<div class=\"wp-block-column is-layout-flow wp-block-column-is-layout-flow\">\n<p class=\"has-text-align-center has-ast-global-color-4-color has-ast-global-color-1-background-color has-text-color has-background has-medium-font-size\"><strong>L&rsquo;origine du nom de notre commune<\/strong><\/p>\n\n\n\n<p class=\"has-text-align-center\" style=\"font-size:18px\">Si le toponyme Breuil semble bien issu du gaulois breialos, devenu brolium \u00e0 l\u2019\u00e9poque carolingienne, terme d\u00e9signant un espace clos, du reste pas n\u00e9cessairement seigneurial, il est tout aussi vraisemblable que l\u2019appellation de notre commune provienne d\u2019une famille \u00e9ponyme qui a re\u00e7u en fief la seigneurie et lui a transmis son nom. En effet, le premier seigneur dont on poss\u00e8de le nom semble \u00eatre&nbsp;<strong>Hugues du Breuil<\/strong>&nbsp;en 1087. D\u00e8s le 12e si\u00e8cle la famille du Breuil avait une maison, attest\u00e9e d\u2019une part par une charte de 1264&nbsp;&nbsp;et d\u2019autre part par des vestiges. La seigneurie change de mains au 14e si\u00e8cle. Elle appartient alors aux&nbsp;<strong>De la Garde<\/strong>&nbsp;qui la re\u00e7oivent en fief du sieur d\u2019Estrabonne seigneur de Nolay. Au 16e elle est rachet\u00e9e par les&nbsp;<strong>Calard<\/strong>&nbsp;issus d\u2019une noblesse de robe, \u00e0 qui succ\u00e8dent par alliance les Baudinot, de Th\u00e9lis&nbsp;etc. <strong>Les fouilles que nous avons pratiqu\u00e9es<\/strong>&nbsp;montrent qu\u2019au 15e si\u00e8cle la famille de la Garde avait elle aussi une maison seigneuriale. Au 17e elle a \u00e9t\u00e9 ras\u00e9e par les Baudinot originaires de Paray-le-Monial pour b\u00e2tir le ch\u00e2teau actuel. Celui-ci est d\u2019ailleurs inachev\u00e9, et n\u2019\u00e9tait qu\u2019une gentilhommi\u00e8re utilis\u00e9e, entre autres, pour la chasse. A la m\u00eame \u00e9poque, des \u00e9l\u00e9ments h\u00e9t\u00e9roclites (linteaux avec accolade, pieds droits moulur\u00e9s, colombages, fen\u00eatre \u00e0 coussi\u00e8ges, colonnes etc.) provenant de la destruction de l\u2019ancienne b\u00e2tisse du 15e, seront r\u00e9utilis\u00e9s pour construire, pr\u00e8s de l\u2019entr\u00e9e, le \u00a0\u00bb chenil \u00ab\u00a0.&nbsp;<strong>Quant \u00e0 la maison dite \u00a0\u00bb le Pavillon \u00a0\u00bb&nbsp;<\/strong>elle n\u2019existait pas encore. On n\u2019en trouve pas la moindre la trace avant le milieu du 18e si\u00e8cle. Plusieurs documents viennent attester de donations faites par les seigneurs du Breuil \u00e0 l\u2019abbaye de La Fert\u00e9-sur-Grosne et des relations qui ont exist\u00e9 entre eux.<\/p>\n<\/div>\n\n\n\n<div class=\"wp-block-column is-layout-flow wp-block-column-is-layout-flow\">\n<figure class=\"wp-block-image size-large is-resized\"><img loading=\"lazy\" decoding=\"async\" width=\"1024\" height=\"768\" src=\"http:\/\/www.lebreuilbourgogne.fr\/wp-content\/uploads\/2023\/07\/339127168_592343952948080_3393447968411106696_n-1024x768.jpg\" alt=\"\" class=\"wp-image-2604\" style=\"width:531px;height:398px\" srcset=\"https:\/\/www.lebreuilbourgogne.fr\/wp-content\/uploads\/2023\/07\/339127168_592343952948080_3393447968411106696_n-1024x768.jpg 1024w, https:\/\/www.lebreuilbourgogne.fr\/wp-content\/uploads\/2023\/07\/339127168_592343952948080_3393447968411106696_n-300x225.jpg 300w, https:\/\/www.lebreuilbourgogne.fr\/wp-content\/uploads\/2023\/07\/339127168_592343952948080_3393447968411106696_n-768x576.jpg 768w, https:\/\/www.lebreuilbourgogne.fr\/wp-content\/uploads\/2023\/07\/339127168_592343952948080_3393447968411106696_n.jpg 1440w\" sizes=\"auto, (max-width: 1024px) 100vw, 1024px\" \/><\/figure>\n<\/div>\n<\/div>\n\n\n\n<div class=\"wp-block-columns is-layout-flex wp-container-core-columns-is-layout-28f84493 wp-block-columns-is-layout-flex\">\n<div class=\"wp-block-column is-layout-flow wp-block-column-is-layout-flow\"><\/div>\n\n\n\n<div class=\"wp-block-column is-layout-flow wp-block-column-is-layout-flow\">\n<p class=\"has-text-align-center has-ast-global-color-4-color has-ast-global-color-0-background-color has-text-color has-background has-medium-font-size\"><strong>Origines des deux croix r\u00e9\u00e9difi\u00e9es par la municipalit\u00e9 du Breuil<\/strong><\/p>\n\n\n\n<p class=\"has-text-align-center\"><strong>LA CROIX DE L\u2019ANCIEN CIMETI\u00c8RE install\u00e9e sur la nouvelle place de l\u2019\u00e9glise.<\/strong><\/p>\n\n\n\n<p class=\"has-text-align-center\" style=\"font-size:18px\">Voici une quarantaine d\u2019ann\u00e9es, la croix avait d\u00e9j\u00e0 \u00e9t\u00e9 restaur\u00e9e et replac\u00e9e \u00e0 l\u2019angle du mur du jardin du presbyt\u00e8re. Retrouv\u00e9e vers 1840, elle gisait en piteux \u00e9tat dans l\u2019ancien cimeti\u00e8re qui ceinturait l\u2019\u00e9glise bris\u00e9e et amput\u00e9e d\u2019un bras, saccag\u00e9e durant la p\u00e9riode r\u00e9volutionnaire. Comme nombre de ses semblables (Marmagne, Charrecey, Saint-Martin-d\u2019Auxy, Saint-Loup-de-Varennes, Frontenaud, Saint-B\u00e9rain-sous-Sanvignes etc.), elle date du 16\u00e8me si\u00e8cle. En effet, diff\u00e9rents conciles de cette \u00e9poque ont fait obligation d\u2019enclore les cimeti\u00e8res et d\u2019y dresser des croix afin de leur redonner leur caract\u00e8re sacr\u00e9 qui allait jusqu\u2019au droit d\u2019asile. <strong>Comme les \u00e9glises, toutes ces croix \u00e9taient orient\u00e9es vers l\u2019est,<\/strong>&nbsp;c\u2019est-\u00e0-dire que la face o\u00f9 figure le christ se trouvait \u00e0 l\u2019ouest pour, quand on le contemplait, \u00eatre positionn\u00e9 en direction du levant. Du c\u00f4t\u00e9 expos\u00e9 \u00e0 l\u2019est la repr\u00e9sentation de la Vierge regardait vers le levant, peut-\u00eatre pour symboliser \u00e0 chaque lever du jour la naissance et la r\u00e9surrection de J\u00e9sus. <strong>Le f\u00fbt supportant la croix<\/strong>&nbsp;a soit une forme octogonale, soit il imite le tronc d\u2019un arbre, comme par exemple \u00e0 l\u2019ancienne croix du cimeti\u00e8re d\u00e9truit de Saint-Martin-d\u2019Auxy dont nous avons pu recueillir un \u00e9l\u00e9ment important. Le socle n\u2019\u00e9tait pas un simple d\u00e9 ouvrag\u00e9, mais souvent un bloc facett\u00e9 et moulur\u00e9 ou encore quadrangulaire supportant parfois des anges. Ce support reposait la plupart du temps sur un pi\u00e9destal carr\u00e9 comprenant deux ou trois degr\u00e9s.  Jusqu\u2019au 18\u00e8me si\u00e8cle, les actes de justices, les sentences, les d\u00e9cisions importantes, les promulgations diverses \u00e9taient prononc\u00e9es soit devant le ch\u00e2teau seigneurial, le porche de l\u2019\u00e9glise ou la croix du cimeti\u00e8re qui, de ce fait, prenait un&nbsp;<strong>r\u00f4le social important<\/strong>. <\/p>\n\n\n\n<p class=\"has-text-align-center\"><strong>LA CROIX DES PAGNES<\/strong><\/p>\n\n\n\n<p class=\"has-text-align-center\" style=\"font-size:18px\">Comme pour beaucoup d\u2019anciennes croix de chemin, il faut rester modeste et avouer que pour l\u2019instant on ignore tout de son origine. En tout \u00e9tat de cause, elle n\u2019a jamais marqu\u00e9 la limite paroissiale qui se trouve \u00e0 plus de deux kilom\u00e8tres vers l\u2019est. Plus simplement&nbsp;<strong>il devait s\u2019agir d\u2019une croix de chemin<\/strong>&nbsp;situ\u00e9e en bordure de l\u2019ancien itin\u00e9raire bien connu dans les textes m\u00e9di\u00e9vaux et qui en allant de Toulon \u00e0 Couches par le Gratoux pr\u00e8s du Monay, passait par le Bois Labert, les Pagnes et la croix de la Beaujarde.<\/p>\n<\/div>\n<\/div>\n\n\n\n<div class=\"wp-block-columns is-layout-flex wp-container-core-columns-is-layout-28f84493 wp-block-columns-is-layout-flex\">\n<div class=\"wp-block-column is-layout-flow wp-block-column-is-layout-flow\">\n<p class=\"has-text-align-center has-ast-global-color-4-color has-ast-global-color-1-background-color has-text-color has-background has-medium-font-size\"><strong>L&rsquo;\u00e9glise, une petite curiosit\u00e9<\/strong><\/p>\n\n\n\n<p class=\"has-text-align-center\" style=\"font-size:18px\">L\u2019\u00e9glise fait partie des nombreuses petites \u00e9glises rurales qui, dans la seconde moiti\u00e9 du 12e et au d\u00e9but du 13e si\u00e8cle, furent, \u00e9difi\u00e9es dans l\u2019ombre des grandes abbayes cisterciennes de Bourgogne et de Franche-Comt\u00e9. Ces monuments simples, sans fioritures, sont l\u2019\u0153uvre des architectes qui ont \u00e9difi\u00e9 les grandes abbatiales et invent\u00e9 la vo\u00fbte \u00e0 crois\u00e9e d\u2019ogives. Un peu \u00e0 l\u2019image de l\u2019abbaye de Fontenay, mais en beaucoup plus modeste,&nbsp;<strong>l\u2019\u00e9glise du Breuil pr\u00e9sente un plan Bernardin<\/strong>&nbsp;adapt\u00e9 \u00e0 la rusticit\u00e9 d\u2019une \u00e9glise paroissiale. Le ch\u0153ur orient\u00e9 au levant est \u00e0 chevet plat et vo\u00fbtes d\u2019ogives. Autrefois il poss\u00e9dait trois grandes fen\u00eatres qui sont aujourd\u2019hui mur\u00e9es. Les ogives reposent sur quatre culots, orn\u00e9s chacun d\u2019une t\u00eate sculpt\u00e9e tr\u00e8s fruste, intemporelle, tout \u00e0 fait conformes \u00e0 l\u2019esprit cistercien. La crois\u00e9e du transept qui est non saillant supporte le petit clocher \u00e0 fen\u00eatres g\u00e9min\u00e9es et fl\u00e8che de pierre. Le b\u00e2timent est maintenu par de solides contreforts et les corniches du ch\u0153ur et du transept sont orn\u00e9es de modillons \u00a0\u00bb en engrenages \u00a0\u00bb typiquement cisterciens. Dans la fa\u00e7ade s\u2019ouvre le portail dont le tympan monolithique trilob\u00e9 et autrefois orn\u00e9 d\u2019une croix ancr\u00e9e constitue un \u00e9l\u00e9ment r\u00e9current des petites \u00e9glises cisterciennes.<\/p>\n<\/div>\n\n\n\n<div class=\"wp-block-column is-layout-flow wp-block-column-is-layout-flow\">\n<figure class=\"wp-block-image size-large\"><img loading=\"lazy\" decoding=\"async\" width=\"768\" height=\"1024\" src=\"http:\/\/www.lebreuilbourgogne.fr\/wp-content\/uploads\/2023\/07\/IMG_9102-768x1024.jpeg\" alt=\"\" class=\"wp-image-2603\" srcset=\"https:\/\/www.lebreuilbourgogne.fr\/wp-content\/uploads\/2023\/07\/IMG_9102-768x1024.jpeg 768w, https:\/\/www.lebreuilbourgogne.fr\/wp-content\/uploads\/2023\/07\/IMG_9102-225x300.jpeg 225w, https:\/\/www.lebreuilbourgogne.fr\/wp-content\/uploads\/2023\/07\/IMG_9102-1152x1536.jpeg 1152w, https:\/\/www.lebreuilbourgogne.fr\/wp-content\/uploads\/2023\/07\/IMG_9102.jpeg 1536w\" sizes=\"auto, (max-width: 768px) 100vw, 768px\" \/><\/figure>\n<\/div>\n<\/div>\n\n\n\n<p class=\"has-text-align-center has-ast-global-color-4-color has-ast-global-color-2-background-color has-text-color has-background\" style=\"font-size:15px\"><strong>Textes de Louis LAGROST<\/strong><\/p>\n\n\n\n<div style=\"height:91px\" aria-hidden=\"true\" class=\"wp-block-spacer\"><\/div>\n","protected":false},"excerpt":{"rendered":"<p>Les origines du Breuil remontent \u00e0 la nuit des temps C\u2019est au&nbsp;N\u00e9olithique&nbsp;que les premiers agriculteurs se manifestent. Plus de 300 silex, \u00e9clats ou outils correspondant \u00e0 cette p\u00e9riode ont \u00e9t\u00e9 [&hellip;]<\/p>\n","protected":false},"author":2,"featured_media":0,"parent":2316,"menu_order":0,"comment_status":"closed","ping_status":"closed","template":"","meta":{"_monsterinsights_skip_tracking":false,"_monsterinsights_sitenote_active":false,"_monsterinsights_sitenote_note":"","_monsterinsights_sitenote_category":0,"site-sidebar-layout":"default","site-content-layout":"","ast-site-content-layout":"default","site-content-style":"default","site-sidebar-style":"default","ast-global-header-display":"","ast-banner-title-visibility":"","ast-main-header-display":"","ast-hfb-above-header-display":"","ast-hfb-below-header-display":"","ast-hfb-mobile-header-display":"","site-post-title":"disabled","ast-breadcrumbs-content":"","ast-featured-img":"","footer-sml-layout":"","theme-transparent-header-meta":"","adv-header-id-meta":"","stick-header-meta":"","header-above-stick-meta":"","header-main-stick-meta":"","header-below-stick-meta":"","astra-migrate-meta-layouts":"set","ast-page-background-enabled":"default","ast-page-background-meta":{"desktop":{"background-color":"var(--ast-global-color-4)","background-image":"","background-repeat":"repeat","background-position":"center center","background-size":"auto","background-attachment":"scroll","background-type":"","background-media":"","overlay-type":"","overlay-color":"","overlay-opacity":"","overlay-gradient":""},"tablet":{"background-color":"","background-image":"","background-repeat":"repeat","background-position":"center center","background-size":"auto","background-attachment":"scroll","background-type":"","background-media":"","overlay-type":"","overlay-color":"","overlay-opacity":"","overlay-gradient":""},"mobile":{"background-color":"","background-image":"","background-repeat":"repeat","background-position":"center center","background-size":"auto","background-attachment":"scroll","background-type":"","background-media":"","overlay-type":"","overlay-color":"","overlay-opacity":"","overlay-gradient":""}},"ast-content-background-meta":{"desktop":{"background-color":"var(--ast-global-color-5)","background-image":"","background-repeat":"repeat","background-position":"center center","background-size":"auto","background-attachment":"scroll","background-type":"","background-media":"","overlay-type":"","overlay-color":"","overlay-opacity":"","overlay-gradient":""},"tablet":{"background-color":"var(--ast-global-color-5)","background-image":"","background-repeat":"repeat","background-position":"center center","background-size":"auto","background-attachment":"scroll","background-type":"","background-media":"","overlay-type":"","overlay-color":"","overlay-opacity":"","overlay-gradient":""},"mobile":{"background-color":"var(--ast-global-color-5)","background-image":"","background-repeat":"repeat","background-position":"center center","background-size":"auto","background-attachment":"scroll","background-type":"","background-media":"","overlay-type":"","overlay-color":"","overlay-opacity":"","overlay-gradient":""}},"_EventAllDay":false,"_EventTimezone":"","_EventStartDate":"","_EventEndDate":"","_EventStartDateUTC":"","_EventEndDateUTC":"","_EventShowMap":false,"_EventShowMapLink":false,"_EventURL":"","_EventCost":"","_EventCostDescription":"","_EventCurrencySymbol":"","_EventCurrencyCode":"","_EventCurrencyPosition":"","_EventDateTimeSeparator":"","_EventTimeRangeSeparator":"","_EventOrganizerID":[],"_EventVenueID":[],"_OrganizerEmail":"","_OrganizerPhone":"","_OrganizerWebsite":"","_VenueAddress":"","_VenueCity":"","_VenueCountry":"","_VenueProvince":"","_VenueState":"","_VenueZip":"","_VenuePhone":"","_VenueURL":"","_VenueStateProvince":"","_VenueLat":"","_VenueLng":"","_VenueShowMap":false,"_VenueShowMapLink":false,"footnotes":""},"class_list":["post-2462","page","type-page","status-publish","hentry"],"_links":{"self":[{"href":"https:\/\/www.lebreuilbourgogne.fr\/index.php\/wp-json\/wp\/v2\/pages\/2462","targetHints":{"allow":["GET"]}}],"collection":[{"href":"https:\/\/www.lebreuilbourgogne.fr\/index.php\/wp-json\/wp\/v2\/pages"}],"about":[{"href":"https:\/\/www.lebreuilbourgogne.fr\/index.php\/wp-json\/wp\/v2\/types\/page"}],"author":[{"embeddable":true,"href":"https:\/\/www.lebreuilbourgogne.fr\/index.php\/wp-json\/wp\/v2\/users\/2"}],"replies":[{"embeddable":true,"href":"https:\/\/www.lebreuilbourgogne.fr\/index.php\/wp-json\/wp\/v2\/comments?post=2462"}],"version-history":[{"count":17,"href":"https:\/\/www.lebreuilbourgogne.fr\/index.php\/wp-json\/wp\/v2\/pages\/2462\/revisions"}],"predecessor-version":[{"id":3997,"href":"https:\/\/www.lebreuilbourgogne.fr\/index.php\/wp-json\/wp\/v2\/pages\/2462\/revisions\/3997"}],"up":[{"embeddable":true,"href":"https:\/\/www.lebreuilbourgogne.fr\/index.php\/wp-json\/wp\/v2\/pages\/2316"}],"wp:attachment":[{"href":"https:\/\/www.lebreuilbourgogne.fr\/index.php\/wp-json\/wp\/v2\/media?parent=2462"}],"curies":[{"name":"wp","href":"https:\/\/api.w.org\/{rel}","templated":true}]}}