{"id":2620,"date":"2023-07-04T10:24:18","date_gmt":"2023-07-04T08:24:18","guid":{"rendered":"http:\/\/www.lebreuilbourgogne.fr\/?page_id=2620"},"modified":"2024-01-30T16:23:57","modified_gmt":"2024-01-30T15:23:57","slug":"carte-didentite-et-passeport","status":"publish","type":"page","link":"https:\/\/www.lebreuilbourgogne.fr\/index.php\/demarche\/etat-civil\/carte-didentite-et-passeport\/","title":{"rendered":"Carte d&rsquo;identit\u00e9 et passeport"},"content":{"rendered":"\n<div class=\"wp-block-cover alignfull is-light\"><span aria-hidden=\"true\" class=\"wp-block-cover__background has-background-dim\"><\/span><img loading=\"lazy\" decoding=\"async\" width=\"1920\" height=\"710\" class=\"wp-block-cover__image-background wp-image-3204\" alt=\"\" src=\"http:\/\/www.lebreuilbourgogne.fr\/wp-content\/uploads\/2023\/07\/titres_cni_2021.png\" data-object-fit=\"cover\" srcset=\"https:\/\/www.lebreuilbourgogne.fr\/wp-content\/uploads\/2023\/07\/titres_cni_2021.png 1920w, https:\/\/www.lebreuilbourgogne.fr\/wp-content\/uploads\/2023\/07\/titres_cni_2021-300x111.png 300w, https:\/\/www.lebreuilbourgogne.fr\/wp-content\/uploads\/2023\/07\/titres_cni_2021-1024x379.png 1024w, https:\/\/www.lebreuilbourgogne.fr\/wp-content\/uploads\/2023\/07\/titres_cni_2021-768x284.png 768w, https:\/\/www.lebreuilbourgogne.fr\/wp-content\/uploads\/2023\/07\/titres_cni_2021-1536x568.png 1536w\" sizes=\"auto, (max-width: 1920px) 100vw, 1920px\" \/><div class=\"wp-block-cover__inner-container is-layout-flow wp-block-cover-is-layout-flow\">\n<p class=\"has-text-align-center\" style=\"font-size:65px;letter-spacing:-3px;line-height:1.5;text-transform:uppercase\"><strong>Carte d&rsquo;identit\u00e9 et passeport<\/strong><\/p>\n<\/div><\/div>\n\n\n\n<div style=\"height:58px\" aria-hidden=\"true\" class=\"wp-block-spacer\"><\/div>\n\n\n\n<div class=\"wp-block-columns alignwide is-layout-flex wp-container-core-columns-is-layout-28f84493 wp-block-columns-is-layout-flex\">\n<div class=\"wp-block-column has-ast-global-color-1-background-color has-background is-layout-flow wp-block-column-is-layout-flow\" style=\"padding-top:var(--wp--preset--spacing--40);padding-right:var(--wp--preset--spacing--40);padding-bottom:var(--wp--preset--spacing--40);padding-left:var(--wp--preset--spacing--40)\">\n<h2 class=\"wp-block-heading has-text-align-center has-ast-global-color-4-color has-text-color\">Carte NATIONALE d&rsquo;idendit\u00e9 <\/h2>\n\n\n\n<p class=\"has-ast-global-color-4-color has-text-color\">La carte d\u2019identit\u00e9 d\u2019une personne majeure est valable 15 ans, celle d\u2019un enfant mineur est valable 10 ans.<\/p>\n<\/div>\n\n\n\n<div class=\"wp-block-column is-layout-flow wp-block-column-is-layout-flow\" style=\"flex-basis:60px\"><\/div>\n\n\n\n<div class=\"wp-block-column has-ast-global-color-0-background-color has-background is-layout-flow wp-block-column-is-layout-flow\" style=\"padding-top:var(--wp--preset--spacing--40);padding-right:var(--wp--preset--spacing--40);padding-bottom:var(--wp--preset--spacing--40);padding-left:var(--wp--preset--spacing--40)\">\n<h2 class=\"wp-block-heading has-text-align-center has-ast-global-color-4-color has-text-color\">Passeport<\/h2>\n\n\n\n<p class=\"has-ast-global-color-4-color has-text-color\">Le passeport&nbsp;est valable 10 ans pour les personnes majeures et 5 ans pour les mineurs. Il est d\u00e9livr\u00e9 \u00e0 toute personne de nationalit\u00e9 fran\u00e7aise, sans condition d\u2019\u00e2ge.<\/p>\n<\/div>\n<\/div>\n\n\n\n<div style=\"height:49px\" aria-hidden=\"true\" class=\"wp-block-spacer\"><\/div>\n\n\n\n<h2 class=\"wp-block-heading alignfull has-text-align-center has-ast-global-color-0-color has-text-color\" style=\"font-size:35px\"><strong>premi\u00e8re demande ou renouvellement<\/strong><\/h2>\n\n\n\n<hr class=\"wp-block-separator has-alpha-channel-opacity\"\/>\n\n\n\n<p class=\"has-text-align-left\" style=\"font-size:18px\">La ville du Breuil ne fait pas partie des communes d\u00e9sign\u00e9es par la pr\u00e9fecture de Sa\u00f4ne-et-Loire pour d\u00e9livrer et renouveler vos cartes d\u2019identit\u00e9 et passeports. Pour cela, vous pouvez prendre rendez-vous dans les mairies&nbsp;du <a rel=\"noreferrer noopener\" href=\"https:\/\/www.le-creusot.fr\/\" target=\"_blank\">Creusot<\/a> ou de <a rel=\"noreferrer noopener\" href=\"https:\/\/www.mairie-couches.fr\/\" target=\"_blank\">Couches <\/a>pour effectuer vos d\u00e9marches.<\/p>\n\n\n\n<p><em>N\u00e9anmoins, les formulaires et la liste des pi\u00e8ces justificatives sont disponibles en Mairie.<\/em><\/p>\n\n\n\n<h2 class=\"wp-block-heading has-text-align-center has-ast-global-color-0-color has-text-color\" style=\"font-size:35px\"><strong>Pr\u00e9-demande<\/strong><\/h2>\n\n\n\n<hr class=\"wp-block-separator has-alpha-channel-opacity\"\/>\n\n\n\n<p style=\"font-size:18px\">Vous pouvez effectuer une pr\u00e9-demande, cette d\u00e9marche consiste \u00e0 pr\u00e9parer en amont le dossier transmis aux services de la pr\u00e9fecture. Celle-ci ne permet pas de d\u00e9roger au rendez-vous en mairie mais permet un gain de temps consid\u00e9rable le jour du rendez-vous.<\/p>\n\n\n\n<p class=\"has-text-align-center has-link-color has-large-font-size wp-elements-23e986c9cb1989679d8df57d7d21292a\"><a rel=\"noreferrer noopener\" href=\"https:\/\/passeport.ants.gouv.fr\/demarches-en-ligne\" target=\"_blank\"><strong>Effectuer ma pr\u00e9-demande de CNI ou passeport<\/strong><\/a><\/p>\n\n\n\n<div style=\"height:78px\" aria-hidden=\"true\" class=\"wp-block-spacer\"><\/div>\n","protected":false},"excerpt":{"rendered":"<p>Carte NATIONALE d&rsquo;idendit\u00e9 La carte d\u2019identit\u00e9 d\u2019une personne majeure est valable 15 ans, celle d\u2019un enfant mineur est valable 10 ans. Passeport Le passeport&nbsp;est valable 10 ans pour les personnes [&hellip;]<\/p>\n","protected":false},"author":2,"featured_media":0,"parent":2323,"menu_order":0,"comment_status":"closed","ping_status":"closed","template":"","meta":{"_monsterinsights_skip_tracking":false,"_monsterinsights_sitenote_active":false,"_monsterinsights_sitenote_note":"","_monsterinsights_sitenote_category":0,"site-sidebar-layout":"default","site-content-layout":"","ast-site-content-layout":"default","site-content-style":"default","site-sidebar-style":"default","ast-global-header-display":"","ast-banner-title-visibility":"","ast-main-header-display":"","ast-hfb-above-header-display":"","ast-hfb-below-header-display":"","ast-hfb-mobile-header-display":"","site-post-title":"disabled","ast-breadcrumbs-content":"","ast-featured-img":"","footer-sml-layout":"","theme-transparent-header-meta":"","adv-header-id-meta":"","stick-header-meta":"","header-above-stick-meta":"","header-main-stick-meta":"","header-below-stick-meta":"","astra-migrate-meta-layouts":"set","ast-page-background-enabled":"default","ast-page-background-meta":{"desktop":{"background-color":"var(--ast-global-color-4)","background-image":"","background-repeat":"repeat","background-position":"center center","background-size":"auto","background-attachment":"scroll","background-type":"","background-media":"","overlay-type":"","overlay-color":"","overlay-opacity":"","overlay-gradient":""},"tablet":{"background-color":"","background-image":"","background-repeat":"repeat","background-position":"center center","background-size":"auto","background-attachment":"scroll","background-type":"","background-media":"","overlay-type":"","overlay-color":"","overlay-opacity":"","overlay-gradient":""},"mobile":{"background-color":"","background-image":"","background-repeat":"repeat","background-position":"center center","background-size":"auto","background-attachment":"scroll","background-type":"","background-media":"","overlay-type":"","overlay-color":"","overlay-opacity":"","overlay-gradient":""}},"ast-content-background-meta":{"desktop":{"background-color":"var(--ast-global-color-5)","background-image":"","background-repeat":"repeat","background-position":"center center","background-size":"auto","background-attachment":"scroll","background-type":"","background-media":"","overlay-type":"","overlay-color":"","overlay-opacity":"","overlay-gradient":""},"tablet":{"background-color":"var(--ast-global-color-5)","background-image":"","background-repeat":"repeat","background-position":"center center","background-size":"auto","background-attachment":"scroll","background-type":"","background-media":"","overlay-type":"","overlay-color":"","overlay-opacity":"","overlay-gradient":""},"mobile":{"background-color":"var(--ast-global-color-5)","background-image":"","background-repeat":"repeat","background-position":"center center","background-size":"auto","background-attachment":"scroll","background-type":"","background-media":"","overlay-type":"","overlay-color":"","overlay-opacity":"","overlay-gradient":""}},"_EventAllDay":false,"_EventTimezone":"","_EventStartDate":"","_EventEndDate":"","_EventStartDateUTC":"","_EventEndDateUTC":"","_EventShowMap":false,"_EventShowMapLink":false,"_EventURL":"","_EventCost":"","_EventCostDescription":"","_EventCurrencySymbol":"","_EventCurrencyCode":"","_EventCurrencyPosition":"","_EventDateTimeSeparator":"","_EventTimeRangeSeparator":"","_EventOrganizerID":[],"_EventVenueID":[],"_OrganizerEmail":"","_OrganizerPhone":"","_OrganizerWebsite":"","_VenueAddress":"","_VenueCity":"","_VenueCountry":"","_VenueProvince":"","_VenueState":"","_VenueZip":"","_VenuePhone":"","_VenueURL":"","_VenueStateProvince":"","_VenueLat":"","_VenueLng":"","_VenueShowMap":false,"_VenueShowMapLink":false,"footnotes":""},"class_list":["post-2620","page","type-page","status-publish","hentry"],"_links":{"self":[{"href":"https:\/\/www.lebreuilbourgogne.fr\/index.php\/wp-json\/wp\/v2\/pages\/2620","targetHints":{"allow":["GET"]}}],"collection":[{"href":"https:\/\/www.lebreuilbourgogne.fr\/index.php\/wp-json\/wp\/v2\/pages"}],"about":[{"href":"https:\/\/www.lebreuilbourgogne.fr\/index.php\/wp-json\/wp\/v2\/types\/page"}],"author":[{"embeddable":true,"href":"https:\/\/www.lebreuilbourgogne.fr\/index.php\/wp-json\/wp\/v2\/users\/2"}],"replies":[{"embeddable":true,"href":"https:\/\/www.lebreuilbourgogne.fr\/index.php\/wp-json\/wp\/v2\/comments?post=2620"}],"version-history":[{"count":12,"href":"https:\/\/www.lebreuilbourgogne.fr\/index.php\/wp-json\/wp\/v2\/pages\/2620\/revisions"}],"predecessor-version":[{"id":4056,"href":"https:\/\/www.lebreuilbourgogne.fr\/index.php\/wp-json\/wp\/v2\/pages\/2620\/revisions\/4056"}],"up":[{"embeddable":true,"href":"https:\/\/www.lebreuilbourgogne.fr\/index.php\/wp-json\/wp\/v2\/pages\/2323"}],"wp:attachment":[{"href":"https:\/\/www.lebreuilbourgogne.fr\/index.php\/wp-json\/wp\/v2\/media?parent=2620"}],"curies":[{"name":"wp","href":"https:\/\/api.w.org\/{rel}","templated":true}]}}