{"id":2626,"date":"2023-07-04T17:19:36","date_gmt":"2023-07-04T15:19:36","guid":{"rendered":"http:\/\/www.lebreuilbourgogne.fr\/?page_id=2626"},"modified":"2025-11-17T09:51:32","modified_gmt":"2025-11-17T08:51:32","slug":"actes-detat-civil","status":"publish","type":"page","link":"https:\/\/www.lebreuilbourgogne.fr\/index.php\/demarche\/etat-civil\/actes-detat-civil\/","title":{"rendered":"Actes d&rsquo;\u00e9tat civil"},"content":{"rendered":"\n<div class=\"wp-block-cover alignfull\"><img loading=\"lazy\" decoding=\"async\" width=\"2048\" height=\"1536\" class=\"wp-block-cover__image-background wp-image-3119\" alt=\"\" src=\"http:\/\/www.lebreuilbourgogne.fr\/wp-content\/uploads\/2023\/07\/IMG_0063.jpeg\" data-object-fit=\"cover\" srcset=\"https:\/\/www.lebreuilbourgogne.fr\/wp-content\/uploads\/2023\/07\/IMG_0063.jpeg 2048w, https:\/\/www.lebreuilbourgogne.fr\/wp-content\/uploads\/2023\/07\/IMG_0063-300x225.jpeg 300w, https:\/\/www.lebreuilbourgogne.fr\/wp-content\/uploads\/2023\/07\/IMG_0063-1024x768.jpeg 1024w, https:\/\/www.lebreuilbourgogne.fr\/wp-content\/uploads\/2023\/07\/IMG_0063-768x576.jpeg 768w, https:\/\/www.lebreuilbourgogne.fr\/wp-content\/uploads\/2023\/07\/IMG_0063-1536x1152.jpeg 1536w\" sizes=\"auto, (max-width: 2048px) 100vw, 2048px\" \/><span aria-hidden=\"true\" class=\"wp-block-cover__background has-background-dim\"><\/span><div class=\"wp-block-cover__inner-container is-layout-flow wp-block-cover-is-layout-flow\">\n<p class=\"has-text-align-center\" style=\"font-size:70px;line-height:1.5;text-transform:uppercase\"><strong>actes D&rsquo;\u00e9tat civil<\/strong><\/p>\n<\/div><\/div>\n\n\n\n<div style=\"height:89px\" aria-hidden=\"true\" class=\"wp-block-spacer\"><\/div>\n\n\n\n<h2 class=\"wp-block-heading has-text-align-center has-ast-global-color-0-color has-text-color has-large-font-size\">Demande copie d&rsquo;actes<\/h2>\n\n\n\n<hr class=\"wp-block-separator has-alpha-channel-opacity\"\/>\n\n\n\n<div class=\"wp-block-columns is-layout-flex wp-container-core-columns-is-layout-28f84493 wp-block-columns-is-layout-flex\">\n<div class=\"wp-block-column is-layout-flow wp-block-column-is-layout-flow\">\n<p class=\"has-text-align-center has-ast-global-color-4-color has-ast-global-color-0-background-color has-text-color has-background has-medium-font-size\"><strong>ACTES DE NAISSANCE<\/strong><\/p>\n\n\n\n<ul class=\"wp-block-list\">\n<li style=\"font-size:18px\">La demande de copie d&rsquo;acte de naissance est une d\u00e9marche gratuite. <\/li>\n\n\n\n<li style=\"font-size:18px\">La demande peut se faire en Mairie ou par mail \u00e0 l&rsquo;adresse suivante : mairie@lebreuilbourgogne.fr sur pr\u00e9sentation d&rsquo;une carte d&rsquo;identit\u00e9 nationale ou passeport.<\/li>\n\n\n\n<li style=\"font-size:18px\"><strong>ATTENTION : Il faut s&rsquo;adresser \u00e0 la commune de naissance.<\/strong><\/li>\n<\/ul>\n\n\n\n<div class=\"wp-block-buttons is-content-justification-center is-layout-flex wp-container-core-buttons-is-layout-a89b3969 wp-block-buttons-is-layout-flex\">\n<div class=\"wp-block-button\"><a class=\"wp-block-button__link has-text-align-center wp-element-button\" href=\"https:\/\/www.service-public.fr\/particuliers\/vosdroits\/F1427\"><strong>Plus d&rsquo;informations selon votre situation<\/strong><\/a><\/div>\n<\/div>\n<\/div>\n\n\n\n<div class=\"wp-block-column is-layout-flow wp-block-column-is-layout-flow\">\n<p class=\"has-text-align-center has-ast-global-color-4-color has-ast-global-color-1-background-color has-text-color has-background has-medium-font-size\" style=\"text-transform:uppercase\"><strong>ACTES DE D\u00e9c\u00e8s <\/strong><\/p>\n\n\n\n<ul class=\"wp-block-list\">\n<li style=\"font-size:18px\">La demande de copie d&rsquo;acte de d\u00e9c\u00e8s est une d\u00e9marche gratuite. <\/li>\n\n\n\n<li style=\"font-size:18px\">La demande peut se faire en Mairie par mail \u00e0 l&rsquo;adresse suivante : mairie@lebreuilbourgogne.fr en pr\u00e9cisant les nom, pr\u00e9nom et date de d\u00e9c\u00e8s du d\u00e9funt.<\/li>\n\n\n\n<li style=\"font-size:18px\"><strong>ATTENTION : Il faut s&rsquo;adresser \u00e0 la commune  du lieu de d\u00e9c\u00e8s ou aupr\u00e8s de la commune du dernier domicile du d\u00e9funt.<\/strong><\/li>\n<\/ul>\n\n\n\n<div class=\"wp-block-buttons is-content-justification-center is-layout-flex wp-container-core-buttons-is-layout-a89b3969 wp-block-buttons-is-layout-flex\">\n<div class=\"wp-block-button\"><a class=\"wp-block-button__link has-text-align-center wp-element-button\" href=\"https:\/\/www.service-public.fr\/particuliers\/vosdroits\/F1444\"><strong>Plus d&rsquo;informations selon votre situation<\/strong><\/a><\/div>\n<\/div>\n<\/div>\n\n\n\n<div class=\"wp-block-column is-layout-flow wp-block-column-is-layout-flow\">\n<p class=\"has-text-align-center has-ast-global-color-4-color has-ast-global-color-0-background-color has-text-color has-background has-medium-font-size\" style=\"text-transform:uppercase\"><strong>Acte de mariage<\/strong><\/p>\n\n\n\n<ul class=\"wp-block-list\">\n<li style=\"font-size:18px\">La demande de copie d&rsquo;acte de mariage est une d\u00e9marche gratuite. <\/li>\n\n\n\n<li style=\"font-size:18px\">La demande peut se faire en Mairie ou par mail \u00e0 l&rsquo;adresse suivante : mairie@lebreuilbourgogne.fr en joignant un copie de la carte d&rsquo;identit\u00e9 et en pr\u00e9cisant la date du mariage et les noms des \u00e9poux.<\/li>\n\n\n\n<li style=\"font-size:18px\"><strong>ATTENTION : Il faut s&rsquo;adresser \u00e0 la commune du lieu de mariage.<\/strong><\/li>\n<\/ul>\n\n\n\n<div class=\"wp-block-buttons is-content-justification-center is-layout-flex wp-container-core-buttons-is-layout-a89b3969 wp-block-buttons-is-layout-flex\">\n<div class=\"wp-block-button\"><a class=\"wp-block-button__link has-text-align-center wp-element-button\" href=\"https:\/\/www.service-public.fr\/particuliers\/vosdroits\/F1432\"><strong>Plus d&rsquo;informations selon votre situation<\/strong><\/a><\/div>\n<\/div>\n<\/div>\n<\/div>\n\n\n\n<div style=\"height:72px\" aria-hidden=\"true\" class=\"wp-block-spacer\"><\/div>\n\n\n\n<h2 class=\"wp-block-heading has-text-align-center has-ast-global-color-0-color has-text-color has-large-font-size\">L\u00e9galisation de signature<\/h2>\n\n\n\n<hr class=\"wp-block-separator has-alpha-channel-opacity\"\/>\n\n\n\n<div class=\"wp-block-columns is-layout-flex wp-container-core-columns-is-layout-28f84493 wp-block-columns-is-layout-flex\">\n<div class=\"wp-block-column is-layout-flow wp-block-column-is-layout-flow\">\n<p>La&nbsp;<strong>l\u00e9galisation de signature<\/strong>&nbsp;(ou&nbsp;<strong>certification mat\u00e9rielle de signature<\/strong>) sert \u00e0&nbsp;<strong>authentifier votre propre signature<\/strong>&nbsp;lorsqu&rsquo;elle est appos\u00e9e sur un&nbsp;<em>acte sous seing priv\u00e9: Acte r\u00e9dig\u00e9 et sign\u00e9 par des particuliers, sans la pr\u00e9sence d&rsquo;un notaire (par exemple, un contrat)<\/em>.<\/p>\n\n\n\n<p>La proc\u00e9dure sert \u00e0 v\u00e9rifier que vous \u00eates bien la personne concern\u00e9e par le document.<\/p>\n\n\n\n<p>La proc\u00e9dure concerne uniquement&nbsp;<strong>votre signature<\/strong>. Elle ne concerne&nbsp;<strong>pas le contenu de l\u2019acte<\/strong>.<\/p>\n<\/div>\n\n\n\n<div class=\"wp-block-column is-layout-flow wp-block-column-is-layout-flow\">\n<p>La d\u00e9marche est&nbsp;<strong>gratuite<\/strong>&nbsp;en&nbsp;<strong>mairie<\/strong>, vous devez seulement apporter les \u00e9l\u00e9ments suivants : <\/p>\n\n\n\n<ul class=\"wp-block-list\">\n<li>Document avec la signature \u00e0 l\u00e9galiser<\/li>\n\n\n\n<li>Pi\u00e8ce d&rsquo;identit\u00e9 sur laquelle figure votre signature<\/li>\n<\/ul>\n\n\n\n<p>La l\u00e9galisation de votre signature se fait obligatoirement&nbsp;<strong>en votre pr\u00e9sence<\/strong>&nbsp;: vous devez signer au guichet devant l&rsquo;agent.<\/p>\n\n\n\n<p class=\"has-medium-font-size\"><strong>Attention : Ne signez pas le document avant de venir en Mairie.<\/strong><\/p>\n<\/div>\n<\/div>\n","protected":false},"excerpt":{"rendered":"<p>Demande copie d&rsquo;actes ACTES DE NAISSANCE ACTES DE D\u00e9c\u00e8s Acte de mariage L\u00e9galisation de signature La&nbsp;l\u00e9galisation de signature&nbsp;(ou&nbsp;certification mat\u00e9rielle de signature) sert \u00e0&nbsp;authentifier votre propre signature&nbsp;lorsqu&rsquo;elle est appos\u00e9e sur un&nbsp;acte [&hellip;]<\/p>\n","protected":false},"author":2,"featured_media":0,"parent":2323,"menu_order":2,"comment_status":"closed","ping_status":"closed","template":"","meta":{"_monsterinsights_skip_tracking":false,"_monsterinsights_sitenote_active":false,"_monsterinsights_sitenote_note":"","_monsterinsights_sitenote_category":0,"site-sidebar-layout":"default","site-content-layout":"","ast-site-content-layout":"default","site-content-style":"default","site-sidebar-style":"default","ast-global-header-display":"","ast-banner-title-visibility":"","ast-main-header-display":"","ast-hfb-above-header-display":"","ast-hfb-below-header-display":"","ast-hfb-mobile-header-display":"","site-post-title":"disabled","ast-breadcrumbs-content":"","ast-featured-img":"","footer-sml-layout":"","theme-transparent-header-meta":"","adv-header-id-meta":"","stick-header-meta":"","header-above-stick-meta":"","header-main-stick-meta":"","header-below-stick-meta":"","astra-migrate-meta-layouts":"set","ast-page-background-enabled":"default","ast-page-background-meta":{"desktop":{"background-color":"var(--ast-global-color-4)","background-image":"","background-repeat":"repeat","background-position":"center center","background-size":"auto","background-attachment":"scroll","background-type":"","background-media":"","overlay-type":"","overlay-color":"","overlay-opacity":"","overlay-gradient":""},"tablet":{"background-color":"","background-image":"","background-repeat":"repeat","background-position":"center center","background-size":"auto","background-attachment":"scroll","background-type":"","background-media":"","overlay-type":"","overlay-color":"","overlay-opacity":"","overlay-gradient":""},"mobile":{"background-color":"","background-image":"","background-repeat":"repeat","background-position":"center center","background-size":"auto","background-attachment":"scroll","background-type":"","background-media":"","overlay-type":"","overlay-color":"","overlay-opacity":"","overlay-gradient":""}},"ast-content-background-meta":{"desktop":{"background-color":"var(--ast-global-color-5)","background-image":"","background-repeat":"repeat","background-position":"center center","background-size":"auto","background-attachment":"scroll","background-type":"","background-media":"","overlay-type":"","overlay-color":"","overlay-opacity":"","overlay-gradient":""},"tablet":{"background-color":"var(--ast-global-color-5)","background-image":"","background-repeat":"repeat","background-position":"center center","background-size":"auto","background-attachment":"scroll","background-type":"","background-media":"","overlay-type":"","overlay-color":"","overlay-opacity":"","overlay-gradient":""},"mobile":{"background-color":"var(--ast-global-color-5)","background-image":"","background-repeat":"repeat","background-position":"center center","background-size":"auto","background-attachment":"scroll","background-type":"","background-media":"","overlay-type":"","overlay-color":"","overlay-opacity":"","overlay-gradient":""}},"_EventAllDay":false,"_EventTimezone":"","_EventStartDate":"","_EventEndDate":"","_EventStartDateUTC":"","_EventEndDateUTC":"","_EventShowMap":false,"_EventShowMapLink":false,"_EventURL":"","_EventCost":"","_EventCostDescription":"","_EventCurrencySymbol":"","_EventCurrencyCode":"","_EventCurrencyPosition":"","_EventDateTimeSeparator":"","_EventTimeRangeSeparator":"","_EventOrganizerID":[],"_EventVenueID":[],"_OrganizerEmail":"","_OrganizerPhone":"","_OrganizerWebsite":"","_VenueAddress":"","_VenueCity":"","_VenueCountry":"","_VenueProvince":"","_VenueState":"","_VenueZip":"","_VenuePhone":"","_VenueURL":"","_VenueStateProvince":"","_VenueLat":"","_VenueLng":"","_VenueShowMap":false,"_VenueShowMapLink":false,"footnotes":""},"class_list":["post-2626","page","type-page","status-publish","hentry"],"_links":{"self":[{"href":"https:\/\/www.lebreuilbourgogne.fr\/index.php\/wp-json\/wp\/v2\/pages\/2626","targetHints":{"allow":["GET"]}}],"collection":[{"href":"https:\/\/www.lebreuilbourgogne.fr\/index.php\/wp-json\/wp\/v2\/pages"}],"about":[{"href":"https:\/\/www.lebreuilbourgogne.fr\/index.php\/wp-json\/wp\/v2\/types\/page"}],"author":[{"embeddable":true,"href":"https:\/\/www.lebreuilbourgogne.fr\/index.php\/wp-json\/wp\/v2\/users\/2"}],"replies":[{"embeddable":true,"href":"https:\/\/www.lebreuilbourgogne.fr\/index.php\/wp-json\/wp\/v2\/comments?post=2626"}],"version-history":[{"count":10,"href":"https:\/\/www.lebreuilbourgogne.fr\/index.php\/wp-json\/wp\/v2\/pages\/2626\/revisions"}],"predecessor-version":[{"id":7419,"href":"https:\/\/www.lebreuilbourgogne.fr\/index.php\/wp-json\/wp\/v2\/pages\/2626\/revisions\/7419"}],"up":[{"embeddable":true,"href":"https:\/\/www.lebreuilbourgogne.fr\/index.php\/wp-json\/wp\/v2\/pages\/2323"}],"wp:attachment":[{"href":"https:\/\/www.lebreuilbourgogne.fr\/index.php\/wp-json\/wp\/v2\/media?parent=2626"}],"curies":[{"name":"wp","href":"https:\/\/api.w.org\/{rel}","templated":true}]}}