{"id":2645,"date":"2023-07-05T15:54:27","date_gmt":"2023-07-05T13:54:27","guid":{"rendered":"http:\/\/www.lebreuilbourgogne.fr\/?page_id=2645"},"modified":"2024-01-30T16:26:19","modified_gmt":"2024-01-30T15:26:19","slug":"recensement-citoyen","status":"publish","type":"page","link":"https:\/\/www.lebreuilbourgogne.fr\/index.php\/demarche\/etat-civil\/recensement-citoyen\/","title":{"rendered":"Recensement citoyen"},"content":{"rendered":"\n<div class=\"wp-block-cover alignfull is-light\"><span aria-hidden=\"true\" class=\"wp-block-cover__background has-background-dim\"><\/span><img loading=\"lazy\" decoding=\"async\" width=\"2048\" height=\"1536\" class=\"wp-block-cover__image-background wp-image-3116\" alt=\"\" src=\"http:\/\/www.lebreuilbourgogne.fr\/wp-content\/uploads\/2023\/07\/IMG_0066.jpeg\" style=\"object-position:40% 33%\" data-object-fit=\"cover\" data-object-position=\"40% 33%\" srcset=\"https:\/\/www.lebreuilbourgogne.fr\/wp-content\/uploads\/2023\/07\/IMG_0066.jpeg 2048w, https:\/\/www.lebreuilbourgogne.fr\/wp-content\/uploads\/2023\/07\/IMG_0066-300x225.jpeg 300w, https:\/\/www.lebreuilbourgogne.fr\/wp-content\/uploads\/2023\/07\/IMG_0066-1024x768.jpeg 1024w, https:\/\/www.lebreuilbourgogne.fr\/wp-content\/uploads\/2023\/07\/IMG_0066-768x576.jpeg 768w, https:\/\/www.lebreuilbourgogne.fr\/wp-content\/uploads\/2023\/07\/IMG_0066-1536x1152.jpeg 1536w\" sizes=\"auto, (max-width: 2048px) 100vw, 2048px\" \/><div class=\"wp-block-cover__inner-container is-layout-flow wp-block-cover-is-layout-flow\">\n<p class=\"has-text-align-center\" style=\"font-size:55px;letter-spacing:-4px;line-height:1.5;text-transform:uppercase\"><strong>Recensement CITOYEN<\/strong><\/p>\n<\/div><\/div>\n\n\n\n<div style=\"height:100px\" aria-hidden=\"true\" class=\"wp-block-spacer\"><\/div>\n\n\n\n<h2 class=\"wp-block-heading has-text-align-center has-ast-global-color-0-color has-text-color has-large-font-size\">d\u00e9marche<\/h2>\n\n\n\n<hr class=\"wp-block-separator has-alpha-channel-opacity\"\/>\n\n\n\n<p class=\"has-text-align-center has-ast-global-color-0-color has-text-color\" style=\"font-size:25px\"><strong>Le recensement citoyen&nbsp;doit se faire dans les 3 mois qui suivent le 16<sup>e<\/sup>&nbsp;anniversaire d&rsquo;une personne<\/strong><\/p>\n\n\n\n<div class=\"wp-block-columns alignwide has-ast-global-color-1-background-color has-background is-layout-flex wp-container-core-columns-is-layout-28f84493 wp-block-columns-is-layout-flex\">\n<div class=\"wp-block-column is-layout-flow wp-block-column-is-layout-flow\">\n<p class=\"has-text-align-center has-ast-global-color-4-color has-text-color\" style=\"font-size:25px\"><strong>Le recensement citoyen se fait en mairie, en pr\u00e9sentant les documents suivants :&nbsp; La carte nationale d&rsquo;identit\u00e9 ou passeport valide, le livret de famille \u00e0 jour et un justificatif de domicile<\/strong><\/p>\n<\/div>\n<\/div>\n\n\n\n<div style=\"height:62px\" aria-hidden=\"true\" class=\"wp-block-spacer\"><\/div>\n","protected":false},"excerpt":{"rendered":"<p>d\u00e9marche Le recensement citoyen&nbsp;doit se faire dans les 3 mois qui suivent le 16e&nbsp;anniversaire d&rsquo;une personne Le recensement citoyen se fait en mairie, en pr\u00e9sentant les documents suivants :&nbsp; La [&hellip;]<\/p>\n","protected":false},"author":2,"featured_media":0,"parent":2323,"menu_order":4,"comment_status":"closed","ping_status":"closed","template":"","meta":{"_monsterinsights_skip_tracking":false,"_monsterinsights_sitenote_active":false,"_monsterinsights_sitenote_note":"","_monsterinsights_sitenote_category":0,"site-sidebar-layout":"default","site-content-layout":"","ast-site-content-layout":"default","site-content-style":"default","site-sidebar-style":"default","ast-global-header-display":"","ast-banner-title-visibility":"","ast-main-header-display":"","ast-hfb-above-header-display":"","ast-hfb-below-header-display":"","ast-hfb-mobile-header-display":"","site-post-title":"disabled","ast-breadcrumbs-content":"","ast-featured-img":"","footer-sml-layout":"","theme-transparent-header-meta":"","adv-header-id-meta":"","stick-header-meta":"","header-above-stick-meta":"","header-main-stick-meta":"","header-below-stick-meta":"","astra-migrate-meta-layouts":"default","ast-page-background-enabled":"default","ast-page-background-meta":{"desktop":{"background-color":"var(--ast-global-color-4)","background-image":"","background-repeat":"repeat","background-position":"center center","background-size":"auto","background-attachment":"scroll","background-type":"","background-media":"","overlay-type":"","overlay-color":"","overlay-opacity":"","overlay-gradient":""},"tablet":{"background-color":"","background-image":"","background-repeat":"repeat","background-position":"center center","background-size":"auto","background-attachment":"scroll","background-type":"","background-media":"","overlay-type":"","overlay-color":"","overlay-opacity":"","overlay-gradient":""},"mobile":{"background-color":"","background-image":"","background-repeat":"repeat","background-position":"center center","background-size":"auto","background-attachment":"scroll","background-type":"","background-media":"","overlay-type":"","overlay-color":"","overlay-opacity":"","overlay-gradient":""}},"ast-content-background-meta":{"desktop":{"background-color":"var(--ast-global-color-5)","background-image":"","background-repeat":"repeat","background-position":"center center","background-size":"auto","background-attachment":"scroll","background-type":"","background-media":"","overlay-type":"","overlay-color":"","overlay-opacity":"","overlay-gradient":""},"tablet":{"background-color":"var(--ast-global-color-5)","background-image":"","background-repeat":"repeat","background-position":"center center","background-size":"auto","background-attachment":"scroll","background-type":"","background-media":"","overlay-type":"","overlay-color":"","overlay-opacity":"","overlay-gradient":""},"mobile":{"background-color":"var(--ast-global-color-5)","background-image":"","background-repeat":"repeat","background-position":"center center","background-size":"auto","background-attachment":"scroll","background-type":"","background-media":"","overlay-type":"","overlay-color":"","overlay-opacity":"","overlay-gradient":""}},"_EventAllDay":false,"_EventTimezone":"","_EventStartDate":"","_EventEndDate":"","_EventStartDateUTC":"","_EventEndDateUTC":"","_EventShowMap":false,"_EventShowMapLink":false,"_EventURL":"","_EventCost":"","_EventCostDescription":"","_EventCurrencySymbol":"","_EventCurrencyCode":"","_EventCurrencyPosition":"","_EventDateTimeSeparator":"","_EventTimeRangeSeparator":"","_EventOrganizerID":[],"_EventVenueID":[],"_OrganizerEmail":"","_OrganizerPhone":"","_OrganizerWebsite":"","_VenueAddress":"","_VenueCity":"","_VenueCountry":"","_VenueProvince":"","_VenueState":"","_VenueZip":"","_VenuePhone":"","_VenueURL":"","_VenueStateProvince":"","_VenueLat":"","_VenueLng":"","_VenueShowMap":false,"_VenueShowMapLink":false,"footnotes":""},"class_list":["post-2645","page","type-page","status-publish","hentry"],"_links":{"self":[{"href":"https:\/\/www.lebreuilbourgogne.fr\/index.php\/wp-json\/wp\/v2\/pages\/2645","targetHints":{"allow":["GET"]}}],"collection":[{"href":"https:\/\/www.lebreuilbourgogne.fr\/index.php\/wp-json\/wp\/v2\/pages"}],"about":[{"href":"https:\/\/www.lebreuilbourgogne.fr\/index.php\/wp-json\/wp\/v2\/types\/page"}],"author":[{"embeddable":true,"href":"https:\/\/www.lebreuilbourgogne.fr\/index.php\/wp-json\/wp\/v2\/users\/2"}],"replies":[{"embeddable":true,"href":"https:\/\/www.lebreuilbourgogne.fr\/index.php\/wp-json\/wp\/v2\/comments?post=2645"}],"version-history":[{"count":9,"href":"https:\/\/www.lebreuilbourgogne.fr\/index.php\/wp-json\/wp\/v2\/pages\/2645\/revisions"}],"predecessor-version":[{"id":4065,"href":"https:\/\/www.lebreuilbourgogne.fr\/index.php\/wp-json\/wp\/v2\/pages\/2645\/revisions\/4065"}],"up":[{"embeddable":true,"href":"https:\/\/www.lebreuilbourgogne.fr\/index.php\/wp-json\/wp\/v2\/pages\/2323"}],"wp:attachment":[{"href":"https:\/\/www.lebreuilbourgogne.fr\/index.php\/wp-json\/wp\/v2\/media?parent=2645"}],"curies":[{"name":"wp","href":"https:\/\/api.w.org\/{rel}","templated":true}]}}