{"id":2650,"date":"2023-07-05T17:17:10","date_gmt":"2023-07-05T15:17:10","guid":{"rendered":"http:\/\/www.lebreuilbourgogne.fr\/?page_id=2650"},"modified":"2024-01-31T08:31:29","modified_gmt":"2024-01-31T07:31:29","slug":"bapteme-civil","status":"publish","type":"page","link":"https:\/\/www.lebreuilbourgogne.fr\/index.php\/demarche\/etat-civil\/bapteme-civil\/","title":{"rendered":"Parrainage civil"},"content":{"rendered":"\n<div class=\"wp-block-cover alignfull is-light\"><span aria-hidden=\"true\" class=\"wp-block-cover__background has-background-dim\"><\/span><img loading=\"lazy\" decoding=\"async\" width=\"2048\" height=\"1536\" class=\"wp-block-cover__image-background wp-image-3117\" alt=\"\" src=\"http:\/\/www.lebreuilbourgogne.fr\/wp-content\/uploads\/2023\/07\/IMG_0072.jpeg\" style=\"object-position:40% 43%\" data-object-fit=\"cover\" data-object-position=\"40% 43%\" srcset=\"https:\/\/www.lebreuilbourgogne.fr\/wp-content\/uploads\/2023\/07\/IMG_0072.jpeg 2048w, https:\/\/www.lebreuilbourgogne.fr\/wp-content\/uploads\/2023\/07\/IMG_0072-300x225.jpeg 300w, https:\/\/www.lebreuilbourgogne.fr\/wp-content\/uploads\/2023\/07\/IMG_0072-1024x768.jpeg 1024w, https:\/\/www.lebreuilbourgogne.fr\/wp-content\/uploads\/2023\/07\/IMG_0072-768x576.jpeg 768w, https:\/\/www.lebreuilbourgogne.fr\/wp-content\/uploads\/2023\/07\/IMG_0072-1536x1152.jpeg 1536w\" sizes=\"auto, (max-width: 2048px) 100vw, 2048px\" \/><div class=\"wp-block-cover__inner-container is-layout-flow wp-block-cover-is-layout-flow\">\n<p class=\"has-text-align-center\" style=\"font-size:60px;letter-spacing:-3px;line-height:1.5;text-transform:uppercase\"><strong>Parrainage civil<\/strong><\/p>\n<\/div><\/div>\n\n\n\n<div style=\"height:60px\" aria-hidden=\"true\" class=\"wp-block-spacer\"><\/div>\n\n\n\n<div class=\"wp-block-columns alignwide are-vertically-aligned-center has-ast-global-color-0-background-color has-background is-layout-flex wp-container-core-columns-is-layout-28f84493 wp-block-columns-is-layout-flex\">\n<div class=\"wp-block-column is-vertically-aligned-center is-layout-flow wp-block-column-is-layout-flow\">\n<p class=\"has-text-align-center has-ast-global-color-4-color has-text-color has-medium-font-size\"><strong>Le parrainage civil, appel\u00e9 \u00e9galement \u00ab bapt\u00eame r\u00e9publicain \u00bb, est destin\u00e9 \u00e0 faire entrer un enfant dans la&nbsp;communaut\u00e9 r\u00e9publicaine&nbsp;et \u00e0 le faire adh\u00e9rer de mani\u00e8re symbolique aux&nbsp;valeurs r\u00e9publicaines.<\/strong><\/p>\n\n\n\n<p class=\"has-text-align-center has-ast-global-color-4-color has-text-color has-medium-font-size\"><em>L\u00e9galement, le bapt\u00eame civil n\u2019a aucune valeur juridique. L\u2019engagement des parrain(s) et marraine(s) reste symbolique. Il s\u2019agit n\u00e9anmoins d\u2019un engagement moral fort, prononc\u00e9 devant un officier d\u2019Etat Civil. Il s\u2019agit d\u2019une d\u00e9marche personnelle des parents qui s\u2019inspire des principes d\u2019une la\u00efcit\u00e9 moderne : libert\u00e9 d\u2019opinion et \u00e9galit\u00e9 civile des religions<\/em><\/p>\n<\/div>\n<\/div>\n\n\n\n<div style=\"height:64px\" aria-hidden=\"true\" class=\"wp-block-spacer\"><\/div>\n\n\n\n<h2 class=\"wp-block-heading has-text-align-center has-ast-global-color-1-color has-text-color has-large-font-size\">parrainage civil<\/h2>\n\n\n\n<hr class=\"wp-block-separator has-alpha-channel-opacity\"\/>\n\n\n\n<p class=\"has-text-align-center\"><strong>La demande de c\u00e9l\u00e9bration de parrainage civil doit \u00eatre effectu\u00e9e aupr\u00e8s du service Etat Civil de la Mairie du Breuil, L\u2019officier de l\u2019\u00e9tat civil s\u2019assure qu\u2019au moins l\u2019une des personnes a des liens durables avec la commune (domicile d&rsquo;un des parents).<\/strong><\/p>\n\n\n\n<p class=\"has-text-align-center has-medium-font-size\" style=\"text-transform:uppercase\"><strong>Le dossier est \u00e0 r\u00e9cup\u00e9rer en Mairie et \u00e0 rapporter compl\u00e9t\u00e9 avec l&rsquo;ensemble des pi\u00e8ces justificatives<\/strong><\/p>\n\n\n\n<div data-wp-interactive=\"core\/file\" class=\"wp-block-file\"><object data-wp-bind--hidden=\"!state.hasPdfPreview\" hidden class=\"wp-block-file__embed\" data=\"https:\/\/www.lebreuilbourgogne.fr\/wp-content\/uploads\/2024\/01\/Pieces-a-fournir.pdf\" type=\"application\/pdf\" style=\"width:100%;height:600px\" aria-label=\"Contenu embarqu\u00e9 Pieces-a-fournir.\"><\/object><a id=\"wp-block-file--media-38bb8cba-36b1-4242-a747-a911437afaa5\" href=\"https:\/\/www.lebreuilbourgogne.fr\/wp-content\/uploads\/2024\/01\/Pieces-a-fournir.pdf\">Pieces-a-fournir<\/a><a href=\"https:\/\/www.lebreuilbourgogne.fr\/wp-content\/uploads\/2024\/01\/Pieces-a-fournir.pdf\" class=\"wp-block-file__button wp-element-button\" download aria-describedby=\"wp-block-file--media-38bb8cba-36b1-4242-a747-a911437afaa5\">T\u00e9l\u00e9charger<\/a><\/div>\n\n\n\n<div style=\"height:100px\" aria-hidden=\"true\" class=\"wp-block-spacer\"><\/div>\n","protected":false},"excerpt":{"rendered":"<p>Le parrainage civil, appel\u00e9 \u00e9galement \u00ab bapt\u00eame r\u00e9publicain \u00bb, est destin\u00e9 \u00e0 faire entrer un enfant dans la&nbsp;communaut\u00e9 r\u00e9publicaine&nbsp;et \u00e0 le faire adh\u00e9rer de mani\u00e8re symbolique aux&nbsp;valeurs r\u00e9publicaines. L\u00e9galement, le [&hellip;]<\/p>\n","protected":false},"author":2,"featured_media":0,"parent":2323,"menu_order":5,"comment_status":"closed","ping_status":"closed","template":"","meta":{"_monsterinsights_skip_tracking":false,"_monsterinsights_sitenote_active":false,"_monsterinsights_sitenote_note":"","_monsterinsights_sitenote_category":0,"site-sidebar-layout":"default","site-content-layout":"","ast-site-content-layout":"default","site-content-style":"default","site-sidebar-style":"default","ast-global-header-display":"","ast-banner-title-visibility":"","ast-main-header-display":"","ast-hfb-above-header-display":"","ast-hfb-below-header-display":"","ast-hfb-mobile-header-display":"","site-post-title":"disabled","ast-breadcrumbs-content":"","ast-featured-img":"","footer-sml-layout":"","theme-transparent-header-meta":"","adv-header-id-meta":"","stick-header-meta":"","header-above-stick-meta":"","header-main-stick-meta":"","header-below-stick-meta":"","astra-migrate-meta-layouts":"default","ast-page-background-enabled":"default","ast-page-background-meta":{"desktop":{"background-color":"var(--ast-global-color-4)","background-image":"","background-repeat":"repeat","background-position":"center center","background-size":"auto","background-attachment":"scroll","background-type":"","background-media":"","overlay-type":"","overlay-color":"","overlay-opacity":"","overlay-gradient":""},"tablet":{"background-color":"","background-image":"","background-repeat":"repeat","background-position":"center center","background-size":"auto","background-attachment":"scroll","background-type":"","background-media":"","overlay-type":"","overlay-color":"","overlay-opacity":"","overlay-gradient":""},"mobile":{"background-color":"","background-image":"","background-repeat":"repeat","background-position":"center center","background-size":"auto","background-attachment":"scroll","background-type":"","background-media":"","overlay-type":"","overlay-color":"","overlay-opacity":"","overlay-gradient":""}},"ast-content-background-meta":{"desktop":{"background-color":"var(--ast-global-color-5)","background-image":"","background-repeat":"repeat","background-position":"center center","background-size":"auto","background-attachment":"scroll","background-type":"","background-media":"","overlay-type":"","overlay-color":"","overlay-opacity":"","overlay-gradient":""},"tablet":{"background-color":"var(--ast-global-color-5)","background-image":"","background-repeat":"repeat","background-position":"center center","background-size":"auto","background-attachment":"scroll","background-type":"","background-media":"","overlay-type":"","overlay-color":"","overlay-opacity":"","overlay-gradient":""},"mobile":{"background-color":"var(--ast-global-color-5)","background-image":"","background-repeat":"repeat","background-position":"center center","background-size":"auto","background-attachment":"scroll","background-type":"","background-media":"","overlay-type":"","overlay-color":"","overlay-opacity":"","overlay-gradient":""}},"_EventAllDay":false,"_EventTimezone":"","_EventStartDate":"","_EventEndDate":"","_EventStartDateUTC":"","_EventEndDateUTC":"","_EventShowMap":false,"_EventShowMapLink":false,"_EventURL":"","_EventCost":"","_EventCostDescription":"","_EventCurrencySymbol":"","_EventCurrencyCode":"","_EventCurrencyPosition":"","_EventDateTimeSeparator":"","_EventTimeRangeSeparator":"","_EventOrganizerID":[],"_EventVenueID":[],"_OrganizerEmail":"","_OrganizerPhone":"","_OrganizerWebsite":"","_VenueAddress":"","_VenueCity":"","_VenueCountry":"","_VenueProvince":"","_VenueState":"","_VenueZip":"","_VenuePhone":"","_VenueURL":"","_VenueStateProvince":"","_VenueLat":"","_VenueLng":"","_VenueShowMap":false,"_VenueShowMapLink":false,"footnotes":""},"class_list":["post-2650","page","type-page","status-publish","hentry"],"_links":{"self":[{"href":"https:\/\/www.lebreuilbourgogne.fr\/index.php\/wp-json\/wp\/v2\/pages\/2650","targetHints":{"allow":["GET"]}}],"collection":[{"href":"https:\/\/www.lebreuilbourgogne.fr\/index.php\/wp-json\/wp\/v2\/pages"}],"about":[{"href":"https:\/\/www.lebreuilbourgogne.fr\/index.php\/wp-json\/wp\/v2\/types\/page"}],"author":[{"embeddable":true,"href":"https:\/\/www.lebreuilbourgogne.fr\/index.php\/wp-json\/wp\/v2\/users\/2"}],"replies":[{"embeddable":true,"href":"https:\/\/www.lebreuilbourgogne.fr\/index.php\/wp-json\/wp\/v2\/comments?post=2650"}],"version-history":[{"count":11,"href":"https:\/\/www.lebreuilbourgogne.fr\/index.php\/wp-json\/wp\/v2\/pages\/2650\/revisions"}],"predecessor-version":[{"id":4175,"href":"https:\/\/www.lebreuilbourgogne.fr\/index.php\/wp-json\/wp\/v2\/pages\/2650\/revisions\/4175"}],"up":[{"embeddable":true,"href":"https:\/\/www.lebreuilbourgogne.fr\/index.php\/wp-json\/wp\/v2\/pages\/2323"}],"wp:attachment":[{"href":"https:\/\/www.lebreuilbourgogne.fr\/index.php\/wp-json\/wp\/v2\/media?parent=2650"}],"curies":[{"name":"wp","href":"https:\/\/api.w.org\/{rel}","templated":true}]}}