{"id":2715,"date":"2023-07-10T16:06:42","date_gmt":"2023-07-10T14:06:42","guid":{"rendered":"http:\/\/www.lebreuilbourgogne.fr\/?page_id=2715"},"modified":"2025-10-21T17:05:59","modified_gmt":"2025-10-21T15:05:59","slug":"bibliotheque-municipale","status":"publish","type":"page","link":"https:\/\/www.lebreuilbourgogne.fr\/index.php\/culture-et-loisirs\/centre-francois-mitterrand\/bibliotheque-municipale\/","title":{"rendered":"Biblioth\u00e8que municipale"},"content":{"rendered":"\n<div class=\"wp-block-cover alignfull\"><img loading=\"lazy\" decoding=\"async\" width=\"617\" height=\"440\" class=\"wp-block-cover__image-background wp-image-2859\" alt=\"\" src=\"http:\/\/www.lebreuilbourgogne.fr\/wp-content\/uploads\/2023\/07\/bibliotheque-1.png\" data-object-fit=\"cover\" srcset=\"https:\/\/www.lebreuilbourgogne.fr\/wp-content\/uploads\/2023\/07\/bibliotheque-1.png 617w, https:\/\/www.lebreuilbourgogne.fr\/wp-content\/uploads\/2023\/07\/bibliotheque-1-300x214.png 300w\" sizes=\"auto, (max-width: 617px) 100vw, 617px\" \/><span aria-hidden=\"true\" class=\"wp-block-cover__background has-background-dim\"><\/span><div class=\"wp-block-cover__inner-container is-layout-flow wp-block-cover-is-layout-flow\">\n<p class=\"has-text-align-center\" style=\"font-size:50px;letter-spacing:-3px;line-height:1.3;text-transform:uppercase\"><strong>Biblioth\u00e8que JEAN-PIERRE BRESILLON<\/strong><\/p>\n<\/div><\/div>\n\n\n\n<div style=\"height:71px\" aria-hidden=\"true\" class=\"wp-block-spacer\"><\/div>\n\n\n\n<div class=\"wp-block-columns is-layout-flex wp-container-core-columns-is-layout-28f84493 wp-block-columns-is-layout-flex\">\n<div class=\"wp-block-column is-layout-flow wp-block-column-is-layout-flow\">\n<figure class=\"wp-block-image size-large\"><img loading=\"lazy\" decoding=\"async\" width=\"768\" height=\"1024\" src=\"http:\/\/www.lebreuilbourgogne.fr\/wp-content\/uploads\/2023\/07\/20221109_151040-768x1024.jpg\" alt=\"\" class=\"wp-image-2936\" srcset=\"https:\/\/www.lebreuilbourgogne.fr\/wp-content\/uploads\/2023\/07\/20221109_151040-768x1024.jpg 768w, https:\/\/www.lebreuilbourgogne.fr\/wp-content\/uploads\/2023\/07\/20221109_151040-225x300.jpg 225w, https:\/\/www.lebreuilbourgogne.fr\/wp-content\/uploads\/2023\/07\/20221109_151040-1152x1536.jpg 1152w, https:\/\/www.lebreuilbourgogne.fr\/wp-content\/uploads\/2023\/07\/20221109_151040-1536x2048.jpg 1536w, https:\/\/www.lebreuilbourgogne.fr\/wp-content\/uploads\/2023\/07\/20221109_151040-scaled.jpg 1920w\" sizes=\"auto, (max-width: 768px) 100vw, 768px\" \/><\/figure>\n<\/div>\n\n\n\n<div class=\"wp-block-column is-layout-flow wp-block-column-is-layout-flow\">\n<p class=\"has-text-align-center has-ast-global-color-4-color has-ast-global-color-0-background-color has-text-color has-background\" style=\"font-size:18px\"><strong>La Biblioth\u00e8que Municipale du Breuil propose un large choix d&rsquo;ouvrages et d&rsquo;animations tout au long de l&rsquo;ann\u00e9e, dans un cadre agr\u00e9able, convivial et lumineux. <\/strong><\/p>\n\n\n\n<p class=\"has-text-align-center\" style=\"font-size:18px\">Elle met \u00e0 votre disposition : des romans policiers, des ouvrages historiques, des magazines pour enfants et adultes, un fond de livres audio pour \u00e9couter vos r\u00e9cits pr\u00e9f\u00e9r\u00e9s sur CD, une grande diversit\u00e9 d&rsquo;\u0153uvres en provenance des pays francophones, des livres en gros caract\u00e8res pour un plus grand confort de lecture, des liseuses permettant de t\u00e9l\u00e9charger de nombreux ouvrages \u00e9lectroniques<\/p>\n\n\n\n<p class=\"has-text-align-center\" style=\"font-size:18px\"><strong>L&rsquo;inscription \u00e0 la biblioth\u00e8que est gratuite pour tous et vous permet d&#8217;emprunter 5 livres et 2 magazines pour trois semaines. N&rsquo;h\u00e9sitez pas \u00e0 vous adresser aux agents de la biblioth\u00e8que pour r\u00e9server les livres qui vous int\u00e9ressent ou pour en commander de nouveaux. Le portail Internet de l&rsquo;\u00e9tablissement vous tient inform\u00e9s des derni\u00e8res nouveaut\u00e9s, des prochaines animations et vous permet de consulter l&rsquo;ensemble du fonds de la biblioth\u00e8que.<\/strong><\/p>\n\n\n\n<p class=\"has-text-align-center has-ast-global-color-4-color has-ast-global-color-0-background-color has-text-color has-background\" style=\"font-size:18px\"><strong>Un service de portage \u00e0 domicile pour les personnes ne pouvant pas se d\u00e9placer (contacter directement la biblioth\u00e8que au 03.85.73.90.51).<\/strong><\/p>\n<\/div>\n<\/div>\n\n\n\n<p class=\"has-text-align-center has-ast-global-color-4-color has-ast-global-color-1-background-color has-text-color has-background\" style=\"font-size:24px;text-transform:uppercase\"><strong><a href=\"https:\/\/mediatheque-lebreuil.c3rb.org\/\">Rendez-vous sur le portail de la biblioth\u00e8que<\/a><\/strong><\/p>\n\n\n\n<p><\/p>\n\n\n\n<div class=\"wp-block-columns has-border-color has-ast-global-color-0-border-color is-layout-flex wp-container-core-columns-is-layout-28f84493 wp-block-columns-is-layout-flex\" style=\"border-width:5px\">\n<div class=\"wp-block-column is-layout-flow wp-block-column-is-layout-flow\">\n<p class=\"has-text-align-center has-medium-font-size\"><strong>Horaires :<\/strong><\/p>\n\n\n\n<p class=\"has-text-align-center\">Lundi\u00a0: 15h00 \u00e0 18h30<br>Mardi, jeudi\u00a0et vendredi : 15h30 \u00e0 18h30<br>Mercredi\u00a0: 10h-12h et 14h-18h30<br>Samedi\u00a0: 10h00 \u00e0 13h00<\/p>\n<\/div>\n\n\n\n<div class=\"wp-block-column is-layout-flow wp-block-column-is-layout-flow\">\n<p class=\"has-text-align-center has-ast-global-color-0-color has-text-color has-medium-font-size\"><strong>Biblioth\u00e8que Municipale Jean-Pierre Br\u00e9sillon<\/strong><\/p>\n\n\n\n<p class=\"has-text-align-center has-medium-font-size\">Centre Fran\u00e7ois Mitterrand &#8211; 46, Route de Couches<\/p>\n\n\n\n<p class=\"has-text-align-center has-medium-font-size\">03 85 73 90 51 &#8211; bm@lebreuilbourgogne.fr<\/p>\n<\/div>\n<\/div>\n\n\n\n<div style=\"height:74px\" aria-hidden=\"true\" class=\"wp-block-spacer\"><\/div>\n","protected":false},"excerpt":{"rendered":"<p>La Biblioth\u00e8que Municipale du Breuil propose un large choix d&rsquo;ouvrages et d&rsquo;animations tout au long de l&rsquo;ann\u00e9e, dans un cadre agr\u00e9able, convivial et lumineux. Elle met \u00e0 votre disposition : [&hellip;]<\/p>\n","protected":false},"author":2,"featured_media":0,"parent":2712,"menu_order":0,"comment_status":"closed","ping_status":"closed","template":"","meta":{"_monsterinsights_skip_tracking":false,"_monsterinsights_sitenote_active":false,"_monsterinsights_sitenote_note":"","_monsterinsights_sitenote_category":0,"site-sidebar-layout":"default","site-content-layout":"","ast-site-content-layout":"default","site-content-style":"default","site-sidebar-style":"default","ast-global-header-display":"","ast-banner-title-visibility":"","ast-main-header-display":"","ast-hfb-above-header-display":"","ast-hfb-below-header-display":"","ast-hfb-mobile-header-display":"","site-post-title":"disabled","ast-breadcrumbs-content":"","ast-featured-img":"","footer-sml-layout":"","theme-transparent-header-meta":"","adv-header-id-meta":"","stick-header-meta":"","header-above-stick-meta":"","header-main-stick-meta":"","header-below-stick-meta":"","astra-migrate-meta-layouts":"set","ast-page-background-enabled":"default","ast-page-background-meta":{"desktop":{"background-color":"var(--ast-global-color-4)","background-image":"","background-repeat":"repeat","background-position":"center center","background-size":"auto","background-attachment":"scroll","background-type":"","background-media":"","overlay-type":"","overlay-color":"","overlay-opacity":"","overlay-gradient":""},"tablet":{"background-color":"","background-image":"","background-repeat":"repeat","background-position":"center center","background-size":"auto","background-attachment":"scroll","background-type":"","background-media":"","overlay-type":"","overlay-color":"","overlay-opacity":"","overlay-gradient":""},"mobile":{"background-color":"","background-image":"","background-repeat":"repeat","background-position":"center center","background-size":"auto","background-attachment":"scroll","background-type":"","background-media":"","overlay-type":"","overlay-color":"","overlay-opacity":"","overlay-gradient":""}},"ast-content-background-meta":{"desktop":{"background-color":"var(--ast-global-color-5)","background-image":"","background-repeat":"repeat","background-position":"center center","background-size":"auto","background-attachment":"scroll","background-type":"","background-media":"","overlay-type":"","overlay-color":"","overlay-opacity":"","overlay-gradient":""},"tablet":{"background-color":"var(--ast-global-color-5)","background-image":"","background-repeat":"repeat","background-position":"center center","background-size":"auto","background-attachment":"scroll","background-type":"","background-media":"","overlay-type":"","overlay-color":"","overlay-opacity":"","overlay-gradient":""},"mobile":{"background-color":"var(--ast-global-color-5)","background-image":"","background-repeat":"repeat","background-position":"center center","background-size":"auto","background-attachment":"scroll","background-type":"","background-media":"","overlay-type":"","overlay-color":"","overlay-opacity":"","overlay-gradient":""}},"_EventAllDay":false,"_EventTimezone":"","_EventStartDate":"","_EventEndDate":"","_EventStartDateUTC":"","_EventEndDateUTC":"","_EventShowMap":false,"_EventShowMapLink":false,"_EventURL":"","_EventCost":"","_EventCostDescription":"","_EventCurrencySymbol":"","_EventCurrencyCode":"","_EventCurrencyPosition":"","_EventDateTimeSeparator":"","_EventTimeRangeSeparator":"","_EventOrganizerID":[],"_EventVenueID":[],"_OrganizerEmail":"","_OrganizerPhone":"","_OrganizerWebsite":"","_VenueAddress":"","_VenueCity":"","_VenueCountry":"","_VenueProvince":"","_VenueState":"","_VenueZip":"","_VenuePhone":"","_VenueURL":"","_VenueStateProvince":"","_VenueLat":"","_VenueLng":"","_VenueShowMap":false,"_VenueShowMapLink":false,"footnotes":""},"class_list":["post-2715","page","type-page","status-publish","hentry"],"_links":{"self":[{"href":"https:\/\/www.lebreuilbourgogne.fr\/index.php\/wp-json\/wp\/v2\/pages\/2715","targetHints":{"allow":["GET"]}}],"collection":[{"href":"https:\/\/www.lebreuilbourgogne.fr\/index.php\/wp-json\/wp\/v2\/pages"}],"about":[{"href":"https:\/\/www.lebreuilbourgogne.fr\/index.php\/wp-json\/wp\/v2\/types\/page"}],"author":[{"embeddable":true,"href":"https:\/\/www.lebreuilbourgogne.fr\/index.php\/wp-json\/wp\/v2\/users\/2"}],"replies":[{"embeddable":true,"href":"https:\/\/www.lebreuilbourgogne.fr\/index.php\/wp-json\/wp\/v2\/comments?post=2715"}],"version-history":[{"count":10,"href":"https:\/\/www.lebreuilbourgogne.fr\/index.php\/wp-json\/wp\/v2\/pages\/2715\/revisions"}],"predecessor-version":[{"id":7283,"href":"https:\/\/www.lebreuilbourgogne.fr\/index.php\/wp-json\/wp\/v2\/pages\/2715\/revisions\/7283"}],"up":[{"embeddable":true,"href":"https:\/\/www.lebreuilbourgogne.fr\/index.php\/wp-json\/wp\/v2\/pages\/2712"}],"wp:attachment":[{"href":"https:\/\/www.lebreuilbourgogne.fr\/index.php\/wp-json\/wp\/v2\/media?parent=2715"}],"curies":[{"name":"wp","href":"https:\/\/api.w.org\/{rel}","templated":true}]}}