{"id":5840,"date":"2025-01-14T15:30:39","date_gmt":"2025-01-14T14:30:39","guid":{"rendered":"https:\/\/www.lebreuilbourgogne.fr\/?page_id=5840"},"modified":"2025-09-05T14:23:11","modified_gmt":"2025-09-05T12:23:11","slug":"civisme","status":"publish","type":"page","link":"https:\/\/www.lebreuilbourgogne.fr\/index.php\/civisme\/","title":{"rendered":"Civisme"},"content":{"rendered":"\n<div class=\"wp-block-cover is-light\" style=\"min-height:372px;aspect-ratio:unset;\"><img loading=\"lazy\" decoding=\"async\" width=\"2560\" height=\"1600\" class=\"wp-block-cover__image-background wp-image-5841\" alt=\"\" src=\"https:\/\/www.lebreuilbourgogne.fr\/wp-content\/uploads\/2025\/01\/5235-scaled.jpg\" style=\"object-position:52% 49%\" data-object-fit=\"cover\" data-object-position=\"52% 49%\" srcset=\"https:\/\/www.lebreuilbourgogne.fr\/wp-content\/uploads\/2025\/01\/5235-scaled.jpg 2560w, https:\/\/www.lebreuilbourgogne.fr\/wp-content\/uploads\/2025\/01\/5235-300x188.jpg 300w, https:\/\/www.lebreuilbourgogne.fr\/wp-content\/uploads\/2025\/01\/5235-1024x640.jpg 1024w, https:\/\/www.lebreuilbourgogne.fr\/wp-content\/uploads\/2025\/01\/5235-768x480.jpg 768w, https:\/\/www.lebreuilbourgogne.fr\/wp-content\/uploads\/2025\/01\/5235-1536x960.jpg 1536w, https:\/\/www.lebreuilbourgogne.fr\/wp-content\/uploads\/2025\/01\/5235-2048x1280.jpg 2048w\" sizes=\"auto, (max-width: 2560px) 100vw, 2560px\" \/><span aria-hidden=\"true\" class=\"wp-block-cover__background has-background-dim\" style=\"background-color:#ebe3e2\"><\/span><div class=\"wp-block-cover__inner-container is-layout-constrained wp-block-cover-is-layout-constrained\">\n<p class=\"has-text-align-center has-ast-global-color-3-color has-text-color has-link-color wp-elements-bf5f01adc8f85c06371bece9e9d4ded0\" style=\"font-size:65px\"><strong>CIVISME<\/strong><\/p>\n<\/div><\/div>\n\n\n\n<div style=\"height:51px\" aria-hidden=\"true\" class=\"wp-block-spacer\"><\/div>\n\n\n\n<p class=\"has-text-align-center has-ast-global-color-0-color has-text-color has-link-color has-medium-font-size wp-elements-42e434b5566f0f2c59cc93fe94bcbde0\"><strong>Les\u00a0incivilit\u00e9s\u00a0remettent en cause le bon\u00a0fonctionnement de notre soci\u00e9t\u00e9. <strong>Pour une ville agr\u00e9able, respectons ensemble les r\u00e8gles de civisme.<\/strong><\/strong><\/p>\n\n\n\n<h4 class=\"wp-block-heading\"><strong>Animaux :<\/strong><\/h4>\n\n\n\n<p>Les possesseurs d\u2019animaux ainsi que ceux qui en ont la garde, sont tenus de prendre toutes les mesures propres \u00e0 pr\u00e9server le repos et la tranquillit\u00e9 du voisinage.<\/p>\n\n\n\n<p>Afin de ne pas porter atteinte \u00e0 la tranquillit\u00e9 publique, il est interdit de jour comme de nuit, de laisser aboyer, crier ou g\u00e9mir, de fa\u00e7on r\u00e9p\u00e9t\u00e9e ou prolong\u00e9e, un ou des animaux dans un logement, sur un balcon, dans une cour ou un jardin.<\/p>\n\n\n\n<p>Arr\u00eat\u00e9 Pr\u00e9fectoral du 30 juillet 2001 Article 9<\/p>\n\n\n\n<h4 class=\"wp-block-heading\"><strong>L\u00e9gislation relative aux d\u00e9jections canines<\/strong><\/h4>\n\n\n\n<p>Les d\u00e9jections canines sont autoris\u00e9es dans les seuls caniveaux \u00e0 l\u2019exception des parties de ces caniveaux qui se trouvent \u00e0 l\u2019int\u00e9rieur des passages pour pi\u00e9tons.<\/p>\n\n\n\n<p>En dehors des cas pr\u00e9cit\u00e9s, les d\u00e9jections canines sont interdites sur les voies publiques, les trottoirs, les espaces verts publics, les espaces des jeux publics pour enfants et ce par mesure d\u2019hygi\u00e8ne publique.<\/p>\n\n\n\n<p>Tout propri\u00e9taire ou possesseur de chien est tenu de proc\u00e9der imm\u00e9diatement, par tout moyen appropri\u00e9, au ramassage des d\u00e9jections canines sur toute ou partie du domaine public communal. En cas de non-respect de l\u2019interdiction, l\u2019infraction est passible d\u2019une contravention (article R.632-1 du nouveau Code p\u00e9nal).<\/p>\n\n\n\n<h4 class=\"wp-block-heading\"><strong>Chiens ou chats errants :<\/strong><\/h4>\n\n\n\n<p>Une convention est \u00e9tablie entre la Mairie et la SPA. Toute personne r\u00e9cup\u00e9rant, (hors horaires d\u2019ouverture des services de la Mairie) un animal errant, devra obligatoirement contacter le n\u00b0 de permanence des \u00e9lus (06 74 35 05 06) pour obtenir l\u2019autorisation de l\u2019emmener \u00e0 la SPA. L\u2019\u00e9lu de service se chargera de contacter la personne d\u2019astreinte \u00e0 la SPA qui accueillera l\u2019animal. Sans l\u2019aval de l\u2019\u00e9lu d\u2019astreinte, l\u2019animal sera refus\u00e9 par la SPA.<\/p>\n\n\n\n<h4 class=\"wp-block-heading\"><strong>Appareils bruyants et activit\u00e9s de bricolage et de jardinage<\/strong> :<\/h4>\n\n\n\n<p>Les occupants de locaux priv\u00e9s (habitations et leurs d\u00e9pendances, abords) doivent prendre toutes les pr\u00e9cautions pour \u00e9viter que le voisinage ne soit g\u00ean\u00e9 par des bruits r\u00e9p\u00e9t\u00e9s et intempestifs \u00e9manant de leur comportement ou de leur activit\u00e9.<\/p>\n\n\n\n<p><strong>Les travaux de bricolage et de jardinage<\/strong> utilisant des appareils bruyants susceptibles de causer une g\u00eane au voisinage ne sont autoris\u00e9s qu\u2019aux horaires suivants :<\/p>\n\n\n\n<p>Les jours ouvrables de 8 \u00e0 12h et de 14 \u00e0 19h.<\/p>\n\n\n\n<p>Les samedis de 9 \u00e0 12h et de 15 \u00e0 19h.<\/p>\n\n\n\n<p>Les dimanches et jours f\u00e9ri\u00e9s de 10 \u00e0 12h.<\/p>\n\n\n\n<p>Arr\u00eat\u00e9 Pr\u00e9fectoral du 30 juillet 2001 Article 10<\/p>\n\n\n\n<p><strong>Chantiers<\/strong> (outil ou engin autre que les engins de bricolage ou jardinage) :<\/p>\n\n\n\n<p>Les travaux sont interdits :<\/p>\n\n\n\n<p>Les jours de la semaine de 20h \u00e0 7h00<\/p>\n\n\n\n<p>Toute la journ\u00e9e les dimanches et jours f\u00e9ri\u00e9s.<\/p>\n\n\n\n<p>Arr\u00eat\u00e9 Pr\u00e9fectoral du 30 juillet 2001 Article 7<\/p>\n\n\n\n<p><strong>Pr\u00e9vention des feux&nbsp;:<\/strong><\/p>\n\n\n\n<p>La pr\u00e9vention des incendies est une obligation collective encadr\u00e9e par la loi. Chaque habitant, promeneur ou usager est concern\u00e9.<\/p>\n\n\n\n<p><strong>Le br\u00fblage \u00e0 l\u2019air libre des d\u00e9chets verts<\/strong> (feuilles, branches, herbes) est <strong>strictement interdit toute l\u2019ann\u00e9e<\/strong><strong>,<\/strong> conform\u00e9ment \u00e0 l\u2019arr\u00eat\u00e9 pr\u00e9fectoral en vigueur et au Code de l\u2019environnement (article L541-21-1). Pour vos d\u00e9chets verts (taille, bois mort et tonte) la d\u00e9chetterie du Bois Morey est \u00e0 votre disposition (appel gratuit : 03 85 77 50 51).<\/p>\n\n\n\n<p>Le d\u00e9broussaillement des terrains est une obligation l\u00e9gale pour les propri\u00e9t\u00e9s situ\u00e9es \u00e0 proximit\u00e9 des zones bois\u00e9es (art. L134-6 du Code forestier).<\/p>\n\n\n\n<p>Il est interdit de fumer ou de jeter un m\u00e9got dans les espaces naturels (for\u00eats, chemins, bords de route).<\/p>\n\n\n\n<p>Aucun feu ou barbecue n\u2019est autoris\u00e9 en zone bois\u00e9e ou \u00e0 moins de 200 m\u00e8tres d\u2019un espace naturel, sauf autorisation exceptionnelle.<\/p>\n\n\n\n<p>Selon le Code forestier (article L131-1), toute personne \u00e0 l\u2019origine d\u2019un incendie, m\u00eame involontaire, peut \u00eatre tenue civilement et p\u00e9nalement responsable. Des amendes (jusqu\u2019\u00e0 1500\u20ac pour un br\u00fblage ill\u00e9gal) et des peines de prison peuvent s\u2019appliquer en cas d\u2019incendie caus\u00e9.<\/p>\n\n\n\n<h4 class=\"wp-block-heading\"><strong>Entretien des haies<\/strong><\/h4>\n\n\n\n<p>Chaque riverain a l\u2019obligation d\u2019\u00e9laguer les arbres, arbustes ou haies en bordure de voies, de mani\u00e8re \u00e0 ce qu\u2019ils ne g\u00eanent pas le passage des pi\u00e9tons, ne cachent pas les feux de signalisation ni les panneaux. (Code de la Voirie Routi\u00e8re Art.R116-2) et Arr\u00eat\u00e9 municipal N\u00b02014\/192 (disponible en mairie).<\/p>\n\n\n\n<p>Depuis 2015<strong>, le Code rural (article D. 411-19-1)<\/strong> interdit aux agriculteurs de tailler les haies <strong>du 16 mars au 15 ao\u00fbt<\/strong>, dans le cadre de la <strong>conditionnalit\u00e9 des aides de la PAC<\/strong>.<\/p>\n\n\n\n<p>Pour les particuliers, il est <strong>fortement d\u00e9conseill\u00e9<\/strong> de tailler les haies entre le <strong>15 mars et le 31 juillet<\/strong>, p\u00e9riode de nidification des oiseaux.<\/p>\n\n\n\n<p>Les r\u00e8gles de bon voisinage (et le code civil art. 671 et 672) pr\u00e9voient que les haies mitoyennes soient taill\u00e9es r\u00e9guli\u00e8rement (hauteur maxi : 2m). Pensez \u00e9galement \u00e0 l\u2019entretien de vos jardins de mani\u00e8re \u00e0 \u00e9viter les risques de propagation d\u2019incendie et la prolif\u00e9ration de vermines.<\/p>\n\n\n\n<p>Apr\u00e8s une chute de neige, il est demand\u00e9 \u00e0 chacun de rendre praticable la partie de trottoir situ\u00e9e devant son domicile, faute de quoi, il pourrait \u00eatre tenu pour responsable en cas de chute d\u2019un passant.<\/p>\n\n\n\n<div data-wp-interactive=\"core\/file\" class=\"wp-block-file\"><object data-wp-bind--hidden=\"!state.hasPdfPreview\" hidden class=\"wp-block-file__embed\" data=\"https:\/\/www.lebreuilbourgogne.fr\/wp-content\/uploads\/2025\/03\/Reglement-Parc-du-Morambeau.pdf\" type=\"application\/pdf\" style=\"width:100%;height:880px\" aria-label=\"Contenu embarqu\u00e9 Reglement Parc du Morambeau.\"><\/object><a id=\"wp-block-file--media-4477a37b-64bf-4ac9-a358-f8d2e1e3b88b\" href=\"https:\/\/www.lebreuilbourgogne.fr\/wp-content\/uploads\/2025\/03\/Reglement-Parc-du-Morambeau.pdf\">Reglement Parc du Morambeau<\/a><a href=\"https:\/\/www.lebreuilbourgogne.fr\/wp-content\/uploads\/2025\/03\/Reglement-Parc-du-Morambeau.pdf\" class=\"wp-block-file__button wp-element-button\" download aria-describedby=\"wp-block-file--media-4477a37b-64bf-4ac9-a358-f8d2e1e3b88b\">T\u00e9l\u00e9charger<\/a><\/div>\n\n\n\n<ul class=\"wp-block-list\">\n<li><\/li>\n<\/ul>\n\n\n\n<p><\/p>\n","protected":false},"excerpt":{"rendered":"<p>Les\u00a0incivilit\u00e9s\u00a0remettent en cause le bon\u00a0fonctionnement de notre soci\u00e9t\u00e9. Pour une ville agr\u00e9able, respectons ensemble les r\u00e8gles de civisme. Animaux : Les possesseurs d\u2019animaux ainsi que ceux qui en ont la [&hellip;]<\/p>\n","protected":false},"author":2,"featured_media":0,"parent":0,"menu_order":0,"comment_status":"closed","ping_status":"closed","template":"","meta":{"_monsterinsights_skip_tracking":false,"_monsterinsights_sitenote_active":false,"_monsterinsights_sitenote_note":"","_monsterinsights_sitenote_category":0,"site-sidebar-layout":"default","site-content-layout":"","ast-site-content-layout":"","site-content-style":"default","site-sidebar-style":"default","ast-global-header-display":"","ast-banner-title-visibility":"","ast-main-header-display":"","ast-hfb-above-header-display":"","ast-hfb-below-header-display":"","ast-hfb-mobile-header-display":"","site-post-title":"disabled","ast-breadcrumbs-content":"","ast-featured-img":"","footer-sml-layout":"","theme-transparent-header-meta":"","adv-header-id-meta":"","stick-header-meta":"","header-above-stick-meta":"","header-main-stick-meta":"","header-below-stick-meta":"","astra-migrate-meta-layouts":"default","ast-page-background-enabled":"default","ast-page-background-meta":{"desktop":{"background-color":"var(--ast-global-color-4)","background-image":"","background-repeat":"repeat","background-position":"center center","background-size":"auto","background-attachment":"scroll","background-type":"","background-media":"","overlay-type":"","overlay-color":"","overlay-opacity":"","overlay-gradient":""},"tablet":{"background-color":"","background-image":"","background-repeat":"repeat","background-position":"center center","background-size":"auto","background-attachment":"scroll","background-type":"","background-media":"","overlay-type":"","overlay-color":"","overlay-opacity":"","overlay-gradient":""},"mobile":{"background-color":"","background-image":"","background-repeat":"repeat","background-position":"center center","background-size":"auto","background-attachment":"scroll","background-type":"","background-media":"","overlay-type":"","overlay-color":"","overlay-opacity":"","overlay-gradient":""}},"ast-content-background-meta":{"desktop":{"background-color":"var(--ast-global-color-5)","background-image":"","background-repeat":"repeat","background-position":"center center","background-size":"auto","background-attachment":"scroll","background-type":"","background-media":"","overlay-type":"","overlay-color":"","overlay-opacity":"","overlay-gradient":""},"tablet":{"background-color":"var(--ast-global-color-5)","background-image":"","background-repeat":"repeat","background-position":"center center","background-size":"auto","background-attachment":"scroll","background-type":"","background-media":"","overlay-type":"","overlay-color":"","overlay-opacity":"","overlay-gradient":""},"mobile":{"background-color":"var(--ast-global-color-5)","background-image":"","background-repeat":"repeat","background-position":"center center","background-size":"auto","background-attachment":"scroll","background-type":"","background-media":"","overlay-type":"","overlay-color":"","overlay-opacity":"","overlay-gradient":""}},"_EventAllDay":false,"_EventTimezone":"","_EventStartDate":"","_EventEndDate":"","_EventStartDateUTC":"","_EventEndDateUTC":"","_EventShowMap":false,"_EventShowMapLink":false,"_EventURL":"","_EventCost":"","_EventCostDescription":"","_EventCurrencySymbol":"","_EventCurrencyCode":"","_EventCurrencyPosition":"","_EventDateTimeSeparator":"","_EventTimeRangeSeparator":"","_EventOrganizerID":[],"_EventVenueID":[],"_OrganizerEmail":"","_OrganizerPhone":"","_OrganizerWebsite":"","_VenueAddress":"","_VenueCity":"","_VenueCountry":"","_VenueProvince":"","_VenueState":"","_VenueZip":"","_VenuePhone":"","_VenueURL":"","_VenueStateProvince":"","_VenueLat":"","_VenueLng":"","_VenueShowMap":false,"_VenueShowMapLink":false,"footnotes":""},"class_list":["post-5840","page","type-page","status-publish","hentry"],"_links":{"self":[{"href":"https:\/\/www.lebreuilbourgogne.fr\/index.php\/wp-json\/wp\/v2\/pages\/5840","targetHints":{"allow":["GET"]}}],"collection":[{"href":"https:\/\/www.lebreuilbourgogne.fr\/index.php\/wp-json\/wp\/v2\/pages"}],"about":[{"href":"https:\/\/www.lebreuilbourgogne.fr\/index.php\/wp-json\/wp\/v2\/types\/page"}],"author":[{"embeddable":true,"href":"https:\/\/www.lebreuilbourgogne.fr\/index.php\/wp-json\/wp\/v2\/users\/2"}],"replies":[{"embeddable":true,"href":"https:\/\/www.lebreuilbourgogne.fr\/index.php\/wp-json\/wp\/v2\/comments?post=5840"}],"version-history":[{"count":5,"href":"https:\/\/www.lebreuilbourgogne.fr\/index.php\/wp-json\/wp\/v2\/pages\/5840\/revisions"}],"predecessor-version":[{"id":6857,"href":"https:\/\/www.lebreuilbourgogne.fr\/index.php\/wp-json\/wp\/v2\/pages\/5840\/revisions\/6857"}],"wp:attachment":[{"href":"https:\/\/www.lebreuilbourgogne.fr\/index.php\/wp-json\/wp\/v2\/media?parent=5840"}],"curies":[{"name":"wp","href":"https:\/\/api.w.org\/{rel}","templated":true}]}}