{"id":6068,"date":"2025-02-25T10:06:16","date_gmt":"2025-02-25T09:06:16","guid":{"rendered":"https:\/\/www.lebreuilbourgogne.fr\/?page_id=6068"},"modified":"2025-11-03T14:45:57","modified_gmt":"2025-11-03T13:45:57","slug":"le-breuil-ville-fleurie","status":"publish","type":"page","link":"https:\/\/www.lebreuilbourgogne.fr\/index.php\/ma-ville\/le-breuil-ville-fleurie\/","title":{"rendered":"Le Breuil Ville Fleurie"},"content":{"rendered":"\n<div class=\"wp-block-cover\" style=\"min-height:251px;aspect-ratio:unset;\"><img loading=\"lazy\" decoding=\"async\" width=\"2048\" height=\"1536\" class=\"wp-block-cover__image-background wp-image-6076\" alt=\"\" src=\"https:\/\/www.lebreuilbourgogne.fr\/wp-content\/uploads\/2025\/02\/IMG_9606.jpeg\" data-object-fit=\"cover\" srcset=\"https:\/\/www.lebreuilbourgogne.fr\/wp-content\/uploads\/2025\/02\/IMG_9606.jpeg 2048w, https:\/\/www.lebreuilbourgogne.fr\/wp-content\/uploads\/2025\/02\/IMG_9606-300x225.jpeg 300w, https:\/\/www.lebreuilbourgogne.fr\/wp-content\/uploads\/2025\/02\/IMG_9606-1024x768.jpeg 1024w, https:\/\/www.lebreuilbourgogne.fr\/wp-content\/uploads\/2025\/02\/IMG_9606-768x576.jpeg 768w, https:\/\/www.lebreuilbourgogne.fr\/wp-content\/uploads\/2025\/02\/IMG_9606-1536x1152.jpeg 1536w\" sizes=\"auto, (max-width: 2048px) 100vw, 2048px\" \/><span aria-hidden=\"true\" class=\"wp-block-cover__background has-background-dim\" style=\"background-color:#6a6a53\"><\/span><div class=\"wp-block-cover__inner-container is-layout-constrained wp-block-cover-is-layout-constrained\">\n<p class=\"has-text-align-center has-ast-global-color-4-color has-text-color has-link-color wp-elements-8efefe9f34253ef62e41b786f7186590\" style=\"font-size:59px;font-style:normal;font-weight:800;text-transform:uppercase\">Le Breuil ville fleurie<\/p>\n<\/div><\/div>\n\n\n\n<div style=\"height:52px\" aria-hidden=\"true\" class=\"wp-block-spacer\"><\/div>\n\n\n\n<p class=\"has-text-align-center has-large-font-size\" style=\"text-transform:uppercase\"><strong>Notre Engagement pour un Environnement Fleuris<\/strong><\/p>\n\n\n\n<hr class=\"wp-block-separator has-alpha-channel-opacity\"\/>\n\n\n\n<div class=\"wp-block-columns is-layout-flex wp-container-core-columns-is-layout-28f84493 wp-block-columns-is-layout-flex\">\n<div class=\"wp-block-column is-layout-flow wp-block-column-is-layout-flow\">\n<p class=\"has-text-align-center\">Nous sommes fiers de faire partie des <strong>Villes et Villages Fleuris<\/strong>, un label qui r\u00e9compense les efforts des communes pour am\u00e9liorer leur cadre de vie gr\u00e2ce \u00e0 l&#8217;embellissement floral et v\u00e9g\u00e9tal. Ce label est une v\u00e9ritable reconnaissance de notre engagement \u00e0 offrir un environnement agr\u00e9able et harmonieux \u00e0 nos habitants et visiteurs.<\/p>\n<\/div>\n\n\n\n<div class=\"wp-block-column is-layout-flow wp-block-column-is-layout-flow\">\n<figure class=\"wp-block-image aligncenter size-full is-resized\"><img loading=\"lazy\" decoding=\"async\" width=\"2560\" height=\"943\" src=\"https:\/\/www.lebreuilbourgogne.fr\/wp-content\/uploads\/2025\/11\/PANNEAU-VILLES-ET-VILLAGES-FLEURIS_2-fleurs-scaled.png\" alt=\"\" class=\"wp-image-7378\" style=\"width:344px;height:auto\" srcset=\"https:\/\/www.lebreuilbourgogne.fr\/wp-content\/uploads\/2025\/11\/PANNEAU-VILLES-ET-VILLAGES-FLEURIS_2-fleurs-scaled.png 2560w, https:\/\/www.lebreuilbourgogne.fr\/wp-content\/uploads\/2025\/11\/PANNEAU-VILLES-ET-VILLAGES-FLEURIS_2-fleurs-300x111.png 300w, https:\/\/www.lebreuilbourgogne.fr\/wp-content\/uploads\/2025\/11\/PANNEAU-VILLES-ET-VILLAGES-FLEURIS_2-fleurs-1024x377.png 1024w, https:\/\/www.lebreuilbourgogne.fr\/wp-content\/uploads\/2025\/11\/PANNEAU-VILLES-ET-VILLAGES-FLEURIS_2-fleurs-768x283.png 768w, https:\/\/www.lebreuilbourgogne.fr\/wp-content\/uploads\/2025\/11\/PANNEAU-VILLES-ET-VILLAGES-FLEURIS_2-fleurs-1536x566.png 1536w, https:\/\/www.lebreuilbourgogne.fr\/wp-content\/uploads\/2025\/11\/PANNEAU-VILLES-ET-VILLAGES-FLEURIS_2-fleurs-2048x755.png 2048w\" sizes=\"auto, (max-width: 2560px) 100vw, 2560px\" \/><\/figure>\n<\/div>\n<\/div>\n\n\n\n<p><strong>Une Fleur au Label : Un Gage de Qualit\u00e9<\/strong><\/p>\n\n\n\n<p class=\"has-text-align-center\">Notre commune a obtenu <strong>2 fleurs au label<\/strong> \u00ab\u00a0Villes et Villages Fleuris\u00a0\u00bb, un symbole fort de notre volont\u00e9 de pr\u00e9server et d\u2019embellir notre cadre de vie. Cette distinction t\u00e9moigne de notre travail constant pour am\u00e9nager des espaces publics verdoyants, entretenus avec soin, et pour promouvoir la biodiversit\u00e9 en milieu urbain.<\/p>\n\n\n\n<p>Les crit\u00e8res du label prennent en compte non seulement la qualit\u00e9 des plantations florales, mais aussi la gestion de l\u2019espace urbain, l\u2019implication citoyenne, ainsi que les actions men\u00e9es en mati\u00e8re de d\u00e9veloppement durable.<\/p>\n\n\n\n<p>Nous continuons \u00e0 \u0153uvrer pour renforcer l\u2019attractivit\u00e9 et le bien-\u00eatre de notre ville en multipliant les initiatives \u00e9co-responsables et en impliquant chaque habitant dans notre d\u00e9marche collective. Ce label est une belle reconnaissance, mais aussi une invitation \u00e0 aller plus loin ensemble pour que notre ville soit toujours plus belle et fleurie.<\/p>\n\n\n\n<figure class=\"wp-block-gallery has-nested-images columns-default is-cropped wp-block-gallery-1 is-layout-flex wp-block-gallery-is-layout-flex\">\n<figure class=\"wp-block-image size-large\"><img loading=\"lazy\" decoding=\"async\" width=\"768\" height=\"1024\" data-id=\"6086\" src=\"https:\/\/www.lebreuilbourgogne.fr\/wp-content\/uploads\/2025\/02\/image00023-768x1024.jpeg\" alt=\"\" class=\"wp-image-6086\" srcset=\"https:\/\/www.lebreuilbourgogne.fr\/wp-content\/uploads\/2025\/02\/image00023-768x1024.jpeg 768w, https:\/\/www.lebreuilbourgogne.fr\/wp-content\/uploads\/2025\/02\/image00023-225x300.jpeg 225w, https:\/\/www.lebreuilbourgogne.fr\/wp-content\/uploads\/2025\/02\/image00023-1152x1536.jpeg 1152w, https:\/\/www.lebreuilbourgogne.fr\/wp-content\/uploads\/2025\/02\/image00023-1536x2048.jpeg 1536w, https:\/\/www.lebreuilbourgogne.fr\/wp-content\/uploads\/2025\/02\/image00023-scaled.jpeg 1920w\" sizes=\"auto, (max-width: 768px) 100vw, 768px\" \/><\/figure>\n\n\n\n<figure class=\"wp-block-image size-large\"><img loading=\"lazy\" decoding=\"async\" width=\"768\" height=\"1024\" data-id=\"6085\" src=\"https:\/\/www.lebreuilbourgogne.fr\/wp-content\/uploads\/2025\/02\/image00026-768x1024.jpeg\" alt=\"\" class=\"wp-image-6085\" srcset=\"https:\/\/www.lebreuilbourgogne.fr\/wp-content\/uploads\/2025\/02\/image00026-768x1024.jpeg 768w, https:\/\/www.lebreuilbourgogne.fr\/wp-content\/uploads\/2025\/02\/image00026-225x300.jpeg 225w, https:\/\/www.lebreuilbourgogne.fr\/wp-content\/uploads\/2025\/02\/image00026-1152x1536.jpeg 1152w, https:\/\/www.lebreuilbourgogne.fr\/wp-content\/uploads\/2025\/02\/image00026-1536x2048.jpeg 1536w, https:\/\/www.lebreuilbourgogne.fr\/wp-content\/uploads\/2025\/02\/image00026-scaled.jpeg 1920w\" sizes=\"auto, (max-width: 768px) 100vw, 768px\" \/><\/figure>\n\n\n\n<figure class=\"wp-block-image size-large\"><img loading=\"lazy\" decoding=\"async\" width=\"768\" height=\"1024\" data-id=\"6087\" src=\"https:\/\/www.lebreuilbourgogne.fr\/wp-content\/uploads\/2025\/02\/image00035-768x1024.jpeg\" alt=\"\" class=\"wp-image-6087\" srcset=\"https:\/\/www.lebreuilbourgogne.fr\/wp-content\/uploads\/2025\/02\/image00035-768x1024.jpeg 768w, https:\/\/www.lebreuilbourgogne.fr\/wp-content\/uploads\/2025\/02\/image00035-225x300.jpeg 225w, https:\/\/www.lebreuilbourgogne.fr\/wp-content\/uploads\/2025\/02\/image00035-1152x1536.jpeg 1152w, https:\/\/www.lebreuilbourgogne.fr\/wp-content\/uploads\/2025\/02\/image00035-1536x2048.jpeg 1536w, https:\/\/www.lebreuilbourgogne.fr\/wp-content\/uploads\/2025\/02\/image00035-scaled.jpeg 1920w\" sizes=\"auto, (max-width: 768px) 100vw, 768px\" \/><\/figure>\n\n\n\n<figure class=\"wp-block-image size-large\"><img loading=\"lazy\" decoding=\"async\" width=\"768\" height=\"1024\" data-id=\"6084\" src=\"https:\/\/www.lebreuilbourgogne.fr\/wp-content\/uploads\/2025\/02\/image00049-768x1024.jpeg\" alt=\"\" class=\"wp-image-6084\" srcset=\"https:\/\/www.lebreuilbourgogne.fr\/wp-content\/uploads\/2025\/02\/image00049-768x1024.jpeg 768w, https:\/\/www.lebreuilbourgogne.fr\/wp-content\/uploads\/2025\/02\/image00049-225x300.jpeg 225w, https:\/\/www.lebreuilbourgogne.fr\/wp-content\/uploads\/2025\/02\/image00049-1152x1536.jpeg 1152w, https:\/\/www.lebreuilbourgogne.fr\/wp-content\/uploads\/2025\/02\/image00049-1536x2048.jpeg 1536w, https:\/\/www.lebreuilbourgogne.fr\/wp-content\/uploads\/2025\/02\/image00049-scaled.jpeg 1920w\" sizes=\"auto, (max-width: 768px) 100vw, 768px\" \/><\/figure>\n<\/figure>\n\n\n\n<p><a href=\"https:\/\/www.villes-et-villages-fleuris.com\">https:\/\/www.villes-et-villages-fleuris.com<\/a><\/p>\n\n\n\n<p><\/p>\n","protected":false},"excerpt":{"rendered":"<p>Notre Engagement pour un Environnement Fleuris Nous sommes fiers de faire partie des Villes et Villages Fleuris, un label qui r\u00e9compense les efforts des communes pour am\u00e9liorer leur cadre de [&hellip;]<\/p>\n","protected":false},"author":2,"featured_media":0,"parent":82,"menu_order":0,"comment_status":"closed","ping_status":"closed","template":"","meta":{"_monsterinsights_skip_tracking":false,"_monsterinsights_sitenote_active":false,"_monsterinsights_sitenote_note":"","_monsterinsights_sitenote_category":0,"site-sidebar-layout":"default","site-content-layout":"","ast-site-content-layout":"","site-content-style":"default","site-sidebar-style":"default","ast-global-header-display":"","ast-banner-title-visibility":"","ast-main-header-display":"","ast-hfb-above-header-display":"","ast-hfb-below-header-display":"","ast-hfb-mobile-header-display":"","site-post-title":"disabled","ast-breadcrumbs-content":"","ast-featured-img":"","footer-sml-layout":"","theme-transparent-header-meta":"","adv-header-id-meta":"","stick-header-meta":"","header-above-stick-meta":"","header-main-stick-meta":"","header-below-stick-meta":"","astra-migrate-meta-layouts":"default","ast-page-background-enabled":"default","ast-page-background-meta":{"desktop":{"background-color":"var(--ast-global-color-4)","background-image":"","background-repeat":"repeat","background-position":"center center","background-size":"auto","background-attachment":"scroll","background-type":"","background-media":"","overlay-type":"","overlay-color":"","overlay-opacity":"","overlay-gradient":""},"tablet":{"background-color":"","background-image":"","background-repeat":"repeat","background-position":"center center","background-size":"auto","background-attachment":"scroll","background-type":"","background-media":"","overlay-type":"","overlay-color":"","overlay-opacity":"","overlay-gradient":""},"mobile":{"background-color":"","background-image":"","background-repeat":"repeat","background-position":"center center","background-size":"auto","background-attachment":"scroll","background-type":"","background-media":"","overlay-type":"","overlay-color":"","overlay-opacity":"","overlay-gradient":""}},"ast-content-background-meta":{"desktop":{"background-color":"var(--ast-global-color-5)","background-image":"","background-repeat":"repeat","background-position":"center center","background-size":"auto","background-attachment":"scroll","background-type":"","background-media":"","overlay-type":"","overlay-color":"","overlay-opacity":"","overlay-gradient":""},"tablet":{"background-color":"var(--ast-global-color-5)","background-image":"","background-repeat":"repeat","background-position":"center center","background-size":"auto","background-attachment":"scroll","background-type":"","background-media":"","overlay-type":"","overlay-color":"","overlay-opacity":"","overlay-gradient":""},"mobile":{"background-color":"var(--ast-global-color-5)","background-image":"","background-repeat":"repeat","background-position":"center center","background-size":"auto","background-attachment":"scroll","background-type":"","background-media":"","overlay-type":"","overlay-color":"","overlay-opacity":"","overlay-gradient":""}},"_EventAllDay":false,"_EventTimezone":"","_EventStartDate":"","_EventEndDate":"","_EventStartDateUTC":"","_EventEndDateUTC":"","_EventShowMap":false,"_EventShowMapLink":false,"_EventURL":"","_EventCost":"","_EventCostDescription":"","_EventCurrencySymbol":"","_EventCurrencyCode":"","_EventCurrencyPosition":"","_EventDateTimeSeparator":"","_EventTimeRangeSeparator":"","_EventOrganizerID":[],"_EventVenueID":[],"_OrganizerEmail":"","_OrganizerPhone":"","_OrganizerWebsite":"","_VenueAddress":"","_VenueCity":"","_VenueCountry":"","_VenueProvince":"","_VenueState":"","_VenueZip":"","_VenuePhone":"","_VenueURL":"","_VenueStateProvince":"","_VenueLat":"","_VenueLng":"","_VenueShowMap":false,"_VenueShowMapLink":false,"footnotes":""},"class_list":["post-6068","page","type-page","status-publish","hentry"],"_links":{"self":[{"href":"https:\/\/www.lebreuilbourgogne.fr\/index.php\/wp-json\/wp\/v2\/pages\/6068","targetHints":{"allow":["GET"]}}],"collection":[{"href":"https:\/\/www.lebreuilbourgogne.fr\/index.php\/wp-json\/wp\/v2\/pages"}],"about":[{"href":"https:\/\/www.lebreuilbourgogne.fr\/index.php\/wp-json\/wp\/v2\/types\/page"}],"author":[{"embeddable":true,"href":"https:\/\/www.lebreuilbourgogne.fr\/index.php\/wp-json\/wp\/v2\/users\/2"}],"replies":[{"embeddable":true,"href":"https:\/\/www.lebreuilbourgogne.fr\/index.php\/wp-json\/wp\/v2\/comments?post=6068"}],"version-history":[{"count":3,"href":"https:\/\/www.lebreuilbourgogne.fr\/index.php\/wp-json\/wp\/v2\/pages\/6068\/revisions"}],"predecessor-version":[{"id":7380,"href":"https:\/\/www.lebreuilbourgogne.fr\/index.php\/wp-json\/wp\/v2\/pages\/6068\/revisions\/7380"}],"up":[{"embeddable":true,"href":"https:\/\/www.lebreuilbourgogne.fr\/index.php\/wp-json\/wp\/v2\/pages\/82"}],"wp:attachment":[{"href":"https:\/\/www.lebreuilbourgogne.fr\/index.php\/wp-json\/wp\/v2\/media?parent=6068"}],"curies":[{"name":"wp","href":"https:\/\/api.w.org\/{rel}","templated":true}]}}