{"id":6331,"date":"2025-04-29T11:46:19","date_gmt":"2025-04-29T09:46:19","guid":{"rendered":"https:\/\/www.lebreuilbourgogne.fr\/?page_id=6331"},"modified":"2025-04-29T11:47:09","modified_gmt":"2025-04-29T09:47:09","slug":"rgpd","status":"publish","type":"page","link":"https:\/\/www.lebreuilbourgogne.fr\/index.php\/demarche\/rgpd\/","title":{"rendered":"RGPD"},"content":{"rendered":"\n<p class=\"has-ast-global-color-4-color has-ast-global-color-2-background-color has-text-color has-background has-link-color wp-elements-16bee973670723b9ce8a33dead40903d\">Dans le respect des obligations issues du r\u00e8glement europ\u00e9en n\u00b02016-679 (R\u00e8glement g\u00e9n\u00e9ral pour la protection des donn\u00e9es dit RGPD) et de la loi n\u00b02018-493 du 20 juin 2018 sur la protection des donn\u00e9es, la Ville du BREUIL initie et met en \u0153uvre, sous sa responsabilit\u00e9, diff\u00e9rents traitements de donn\u00e9es \u00e0 caract\u00e8re personnel. Ils concernent tout usager des services propos\u00e9s par la collectivit\u00e9. Les donn\u00e9es \u00e0 caract\u00e8re personnel sont collect\u00e9es et\/ou trait\u00e9es par la Ville du Creusot, repr\u00e9sent\u00e9e par son Maire en exercice, Responsable du traitement.<\/p>\n\n\n\n<div style=\"height:36px\" aria-hidden=\"true\" class=\"wp-block-spacer\"><\/div>\n\n\n\n<h5 class=\"wp-block-heading has-text-align-left\">Charte g\u00e9n\u00e9rale d\u2019utilisation et de protection des donn\u00e9es personnelles<\/h5>\n\n\n\n<p class=\"has-text-align-center\">La Ville du Breuil souhaite porter \u00e0 votre connaissance une information claire et concise \u00e0 propos des traitements effectu\u00e9s sur vos donn\u00e9es \u00e0 caract\u00e8re personnel par ses diff\u00e9rents services.<\/p>\n\n\n\n<div class=\"wp-block-columns is-layout-flex wp-container-core-columns-is-layout-28f84493 wp-block-columns-is-layout-flex\">\n<div class=\"wp-block-column is-layout-flow wp-block-column-is-layout-flow\">\n<div data-wp-interactive=\"core\/file\" class=\"wp-block-file\"><object data-wp-bind--hidden=\"!state.hasPdfPreview\" hidden class=\"wp-block-file__embed\" data=\"https:\/\/www.lebreuilbourgogne.fr\/wp-content\/uploads\/2025\/04\/Charte-generale-dutilisation-et-de-protection-des-donnees-personnelles-SITE-WEB.pdf\" type=\"application\/pdf\" style=\"width:100%;height:600px\" aria-label=\"Contenu embarqu\u00e9 Charte g\u00e9n\u00e9rale d\u2019utilisation et de protection des donn\u00e9es personnelles - SITE WEB.\"><\/object><a id=\"wp-block-file--media-455bd2e3-0311-415e-8874-50b457216b71\" href=\"https:\/\/www.lebreuilbourgogne.fr\/wp-content\/uploads\/2025\/04\/Charte-generale-dutilisation-et-de-protection-des-donnees-personnelles-SITE-WEB.pdf\">Charte g\u00e9n\u00e9rale d\u2019utilisation et de protection des donn\u00e9es personnelles &#8211; SITE WEB<\/a><a href=\"https:\/\/www.lebreuilbourgogne.fr\/wp-content\/uploads\/2025\/04\/Charte-generale-dutilisation-et-de-protection-des-donnees-personnelles-SITE-WEB.pdf\" class=\"wp-block-file__button wp-element-button\" download aria-describedby=\"wp-block-file--media-455bd2e3-0311-415e-8874-50b457216b71\">T\u00e9l\u00e9charger<\/a><\/div>\n<\/div>\n<\/div>\n\n\n\n<h5 class=\"wp-block-heading\">D\u00e9l\u00e9gu\u00e9 \u00e0 la Protection des Donn\u00e9es<\/h5>\n\n\n\n<p>La Ville du Breuil, repr\u00e9sent\u00e9 par Madame le Maire a d\u00e9sign\u00e9 un D\u00e9l\u00e9gu\u00e9 \u00e0 la Protection des Donn\u00e9es \u00e0 caract\u00e8re personnel : le Centre de Gestion de Sa\u00f4ne-et-Loire, que vous pouvez contacter \u00e0 l\u2019adresse postale suivante : 6 rue de Flac\u00e9, 71018 M\u00e2con Cedex, ou par courriel \u00e0 : rgpd@cdg71.fr<\/p>\n\n\n\n<p>Vous pouvez en cas de contestation, former une r\u00e9clamation aupr\u00e8s de la CNIL dont le site internet est accessible \u00e0 l\u2019adresse suivante : www.cnil.fr et le si\u00e8ge est situ\u00e9 au 3 place Fontenoy, 75007 Paris.<\/p>\n","protected":false},"excerpt":{"rendered":"<p>Dans le respect des obligations issues du r\u00e8glement europ\u00e9en n\u00b02016-679 (R\u00e8glement g\u00e9n\u00e9ral pour la protection des donn\u00e9es dit RGPD) et de la loi n\u00b02018-493 du 20 juin 2018 sur la [&hellip;]<\/p>\n","protected":false},"author":2,"featured_media":0,"parent":19,"menu_order":0,"comment_status":"closed","ping_status":"closed","template":"","meta":{"_monsterinsights_skip_tracking":false,"_monsterinsights_sitenote_active":false,"_monsterinsights_sitenote_note":"","_monsterinsights_sitenote_category":0,"site-sidebar-layout":"default","site-content-layout":"","ast-site-content-layout":"","site-content-style":"default","site-sidebar-style":"default","ast-global-header-display":"","ast-banner-title-visibility":"","ast-main-header-display":"","ast-hfb-above-header-display":"","ast-hfb-below-header-display":"","ast-hfb-mobile-header-display":"","site-post-title":"","ast-breadcrumbs-content":"","ast-featured-img":"","footer-sml-layout":"","theme-transparent-header-meta":"","adv-header-id-meta":"","stick-header-meta":"","header-above-stick-meta":"","header-main-stick-meta":"","header-below-stick-meta":"","astra-migrate-meta-layouts":"default","ast-page-background-enabled":"default","ast-page-background-meta":{"desktop":{"background-color":"var(--ast-global-color-4)","background-image":"","background-repeat":"repeat","background-position":"center center","background-size":"auto","background-attachment":"scroll","background-type":"","background-media":"","overlay-type":"","overlay-color":"","overlay-opacity":"","overlay-gradient":""},"tablet":{"background-color":"","background-image":"","background-repeat":"repeat","background-position":"center center","background-size":"auto","background-attachment":"scroll","background-type":"","background-media":"","overlay-type":"","overlay-color":"","overlay-opacity":"","overlay-gradient":""},"mobile":{"background-color":"","background-image":"","background-repeat":"repeat","background-position":"center center","background-size":"auto","background-attachment":"scroll","background-type":"","background-media":"","overlay-type":"","overlay-color":"","overlay-opacity":"","overlay-gradient":""}},"ast-content-background-meta":{"desktop":{"background-color":"var(--ast-global-color-5)","background-image":"","background-repeat":"repeat","background-position":"center center","background-size":"auto","background-attachment":"scroll","background-type":"","background-media":"","overlay-type":"","overlay-color":"","overlay-opacity":"","overlay-gradient":""},"tablet":{"background-color":"var(--ast-global-color-5)","background-image":"","background-repeat":"repeat","background-position":"center center","background-size":"auto","background-attachment":"scroll","background-type":"","background-media":"","overlay-type":"","overlay-color":"","overlay-opacity":"","overlay-gradient":""},"mobile":{"background-color":"var(--ast-global-color-5)","background-image":"","background-repeat":"repeat","background-position":"center center","background-size":"auto","background-attachment":"scroll","background-type":"","background-media":"","overlay-type":"","overlay-color":"","overlay-opacity":"","overlay-gradient":""}},"_EventAllDay":false,"_EventTimezone":"","_EventStartDate":"","_EventEndDate":"","_EventStartDateUTC":"","_EventEndDateUTC":"","_EventShowMap":false,"_EventShowMapLink":false,"_EventURL":"","_EventCost":"","_EventCostDescription":"","_EventCurrencySymbol":"","_EventCurrencyCode":"","_EventCurrencyPosition":"","_EventDateTimeSeparator":"","_EventTimeRangeSeparator":"","_EventOrganizerID":[],"_EventVenueID":[],"_OrganizerEmail":"","_OrganizerPhone":"","_OrganizerWebsite":"","_VenueAddress":"","_VenueCity":"","_VenueCountry":"","_VenueProvince":"","_VenueState":"","_VenueZip":"","_VenuePhone":"","_VenueURL":"","_VenueStateProvince":"","_VenueLat":"","_VenueLng":"","_VenueShowMap":false,"_VenueShowMapLink":false,"footnotes":""},"class_list":["post-6331","page","type-page","status-publish","hentry"],"_links":{"self":[{"href":"https:\/\/www.lebreuilbourgogne.fr\/index.php\/wp-json\/wp\/v2\/pages\/6331","targetHints":{"allow":["GET"]}}],"collection":[{"href":"https:\/\/www.lebreuilbourgogne.fr\/index.php\/wp-json\/wp\/v2\/pages"}],"about":[{"href":"https:\/\/www.lebreuilbourgogne.fr\/index.php\/wp-json\/wp\/v2\/types\/page"}],"author":[{"embeddable":true,"href":"https:\/\/www.lebreuilbourgogne.fr\/index.php\/wp-json\/wp\/v2\/users\/2"}],"replies":[{"embeddable":true,"href":"https:\/\/www.lebreuilbourgogne.fr\/index.php\/wp-json\/wp\/v2\/comments?post=6331"}],"version-history":[{"count":2,"href":"https:\/\/www.lebreuilbourgogne.fr\/index.php\/wp-json\/wp\/v2\/pages\/6331\/revisions"}],"predecessor-version":[{"id":6334,"href":"https:\/\/www.lebreuilbourgogne.fr\/index.php\/wp-json\/wp\/v2\/pages\/6331\/revisions\/6334"}],"up":[{"embeddable":true,"href":"https:\/\/www.lebreuilbourgogne.fr\/index.php\/wp-json\/wp\/v2\/pages\/19"}],"wp:attachment":[{"href":"https:\/\/www.lebreuilbourgogne.fr\/index.php\/wp-json\/wp\/v2\/media?parent=6331"}],"curies":[{"name":"wp","href":"https:\/\/api.w.org\/{rel}","templated":true}]}}