{"id":6704,"date":"2025-07-17T11:55:51","date_gmt":"2025-07-17T09:55:51","guid":{"rendered":"https:\/\/www.lebreuilbourgogne.fr\/?page_id=6704"},"modified":"2025-07-17T12:11:56","modified_gmt":"2025-07-17T10:11:56","slug":"taxe-locale-sur-la-publicite-exterieure-tlpe","status":"publish","type":"page","link":"https:\/\/www.lebreuilbourgogne.fr\/index.php\/taxe-locale-sur-la-publicite-exterieure-tlpe\/","title":{"rendered":"Taxe Locale sur la Publicit\u00e9 Ext\u00e9rieure (TLPE)"},"content":{"rendered":"\n<figure class=\"wp-block-image aligncenter size-large is-resized\"><img loading=\"lazy\" decoding=\"async\" width=\"1024\" height=\"555\" src=\"https:\/\/www.lebreuilbourgogne.fr\/wp-content\/uploads\/2025\/07\/TLPE-1500-700px-1500x650-1-e1716286903308-1200x650-1-1024x555.jpg\" alt=\"\" class=\"wp-image-6707\" style=\"width:702px;height:auto\" srcset=\"https:\/\/www.lebreuilbourgogne.fr\/wp-content\/uploads\/2025\/07\/TLPE-1500-700px-1500x650-1-e1716286903308-1200x650-1-1024x555.jpg 1024w, https:\/\/www.lebreuilbourgogne.fr\/wp-content\/uploads\/2025\/07\/TLPE-1500-700px-1500x650-1-e1716286903308-1200x650-1-300x163.jpg 300w, https:\/\/www.lebreuilbourgogne.fr\/wp-content\/uploads\/2025\/07\/TLPE-1500-700px-1500x650-1-e1716286903308-1200x650-1-768x416.jpg 768w, https:\/\/www.lebreuilbourgogne.fr\/wp-content\/uploads\/2025\/07\/TLPE-1500-700px-1500x650-1-e1716286903308-1200x650-1.jpg 1200w\" sizes=\"auto, (max-width: 1024px) 100vw, 1024px\" \/><\/figure>\n\n\n\n<p>La Taxe Locale sur la Publicit\u00e9 Ext\u00e9rieure (TLPE) est une taxe instaur\u00e9e par les collectivit\u00e9s locales et s&rsquo;applique \u00e0 tous les supports publicitaires visibles depuis une voie ouverte \u00e0 la circulation publique. Elle concerne les enseignes, les pr\u00e9enseignes, les dispositifs publicitaires (panneaux, affiches, etc.)<\/p>\n\n\n\n<h3 class=\"wp-block-heading\">Qui est concern\u00e9 ?<\/h3>\n\n\n\n<p>Tout professionnel ou particulier ayant install\u00e9 un support publicitaire, lumineux ou non, est potentiellement redevable de la TLPE. Cela inclut les entreprises, commerces, associations ou toute autre structure affichant une publicit\u00e9 ext\u00e9rieure sur le territoire de la commune.<\/p>\n\n\n\n<h3 class=\"wp-block-heading\">D\u00e9claration obligatoire<\/h3>\n\n\n\n<p>Chaque ann\u00e9e, une <strong>d\u00e9claration de supports publicitaires<\/strong> doit \u00eatre transmise \u00e0 la mairie. Cette d\u00e9marche permet \u00e0 la commune de calculer le montant de la taxe due, en fonction des caract\u00e9ristiques et dimensions des supports d\u00e9clar\u00e9s.<\/p>\n\n\n\n<p class=\"has-text-align-center has-vivid-red-color has-text-color has-link-color wp-elements-227c2510e51e0e18550af7bb906f31b9\"><strong>Date limite de d\u00e9claration : le cerfa (ci-dessous) est ) renvoyer \u00e0 la mairie par mail ou par courrier avant le 1er mars de chaque ann\u00e9e ou dans les 2 mois suivant l&rsquo;implantation ou la suppression.<\/strong><\/p>\n\n\n\n<hr class=\"wp-block-separator has-alpha-channel-opacity\"\/>\n\n\n\n<h3 class=\"wp-block-heading\">T\u00e9l\u00e9charger le formulaire TLPE<\/h3>\n\n\n\n<div class=\"wp-block-columns is-layout-flex wp-container-core-columns-is-layout-28f84493 wp-block-columns-is-layout-flex\">\n<div class=\"wp-block-column is-layout-flow wp-block-column-is-layout-flow\">\n<div data-wp-interactive=\"core\/file\" class=\"wp-block-file\"><object data-wp-bind--hidden=\"!state.hasPdfPreview\" hidden class=\"wp-block-file__embed\" data=\"https:\/\/www.lebreuilbourgogne.fr\/wp-content\/uploads\/2025\/07\/cerfa_15702-02-VClean.pdf\" type=\"application\/pdf\" style=\"width:100%;height:600px\" aria-label=\"Contenu embarqu\u00e9 cerfa_15702-02 (VClean).\"><\/object><a id=\"wp-block-file--media-a8370f58-bd1a-475e-81fa-8f822f0fd993\" href=\"https:\/\/www.lebreuilbourgogne.fr\/wp-content\/uploads\/2025\/07\/cerfa_15702-02-VClean.pdf\">cerfa_15702-02 (VClean)<\/a><a href=\"https:\/\/www.lebreuilbourgogne.fr\/wp-content\/uploads\/2025\/07\/cerfa_15702-02-VClean.pdf\" class=\"wp-block-file__button wp-element-button\" download aria-describedby=\"wp-block-file--media-a8370f58-bd1a-475e-81fa-8f822f0fd993\">T\u00e9l\u00e9charger<\/a><\/div>\n<\/div>\n\n\n\n<div class=\"wp-block-column is-layout-flow wp-block-column-is-layout-flow\">\n<div data-wp-interactive=\"core\/file\" class=\"wp-block-file\"><object data-wp-bind--hidden=\"!state.hasPdfPreview\" hidden class=\"wp-block-file__embed\" data=\"https:\/\/www.lebreuilbourgogne.fr\/wp-content\/uploads\/2025\/07\/notice_52156-VClean.pdf\" type=\"application\/pdf\" style=\"width:100%;height:600px\" aria-label=\"Contenu embarqu\u00e9 notice_52156 (VClean).\"><\/object><a id=\"wp-block-file--media-8d0ab0e3-bdb9-4547-99bc-d79b02ebf746\" href=\"https:\/\/www.lebreuilbourgogne.fr\/wp-content\/uploads\/2025\/07\/notice_52156-VClean.pdf\">notice_52156 (VClean)<\/a><a href=\"https:\/\/www.lebreuilbourgogne.fr\/wp-content\/uploads\/2025\/07\/notice_52156-VClean.pdf\" class=\"wp-block-file__button wp-element-button\" download aria-describedby=\"wp-block-file--media-8d0ab0e3-bdb9-4547-99bc-d79b02ebf746\">T\u00e9l\u00e9charger<\/a><\/div>\n<\/div>\n<\/div>\n","protected":false},"excerpt":{"rendered":"<p>La Taxe Locale sur la Publicit\u00e9 Ext\u00e9rieure (TLPE) est une taxe instaur\u00e9e par les collectivit\u00e9s locales et s&rsquo;applique \u00e0 tous les supports publicitaires visibles depuis une voie ouverte \u00e0 la [&hellip;]<\/p>\n","protected":false},"author":2,"featured_media":0,"parent":0,"menu_order":0,"comment_status":"closed","ping_status":"closed","template":"","meta":{"_monsterinsights_skip_tracking":false,"_monsterinsights_sitenote_active":false,"_monsterinsights_sitenote_note":"","_monsterinsights_sitenote_category":0,"site-sidebar-layout":"default","site-content-layout":"","ast-site-content-layout":"default","site-content-style":"default","site-sidebar-style":"default","ast-global-header-display":"","ast-banner-title-visibility":"","ast-main-header-display":"","ast-hfb-above-header-display":"","ast-hfb-below-header-display":"","ast-hfb-mobile-header-display":"","site-post-title":"","ast-breadcrumbs-content":"","ast-featured-img":"","footer-sml-layout":"","theme-transparent-header-meta":"","adv-header-id-meta":"","stick-header-meta":"","header-above-stick-meta":"","header-main-stick-meta":"","header-below-stick-meta":"","astra-migrate-meta-layouts":"default","ast-page-background-enabled":"default","ast-page-background-meta":{"desktop":{"background-color":"var(--ast-global-color-4)","background-image":"","background-repeat":"repeat","background-position":"center center","background-size":"auto","background-attachment":"scroll","background-type":"","background-media":"","overlay-type":"","overlay-color":"","overlay-opacity":"","overlay-gradient":""},"tablet":{"background-color":"","background-image":"","background-repeat":"repeat","background-position":"center center","background-size":"auto","background-attachment":"scroll","background-type":"","background-media":"","overlay-type":"","overlay-color":"","overlay-opacity":"","overlay-gradient":""},"mobile":{"background-color":"","background-image":"","background-repeat":"repeat","background-position":"center center","background-size":"auto","background-attachment":"scroll","background-type":"","background-media":"","overlay-type":"","overlay-color":"","overlay-opacity":"","overlay-gradient":""}},"ast-content-background-meta":{"desktop":{"background-color":"var(--ast-global-color-5)","background-image":"","background-repeat":"repeat","background-position":"center center","background-size":"auto","background-attachment":"scroll","background-type":"","background-media":"","overlay-type":"","overlay-color":"","overlay-opacity":"","overlay-gradient":""},"tablet":{"background-color":"var(--ast-global-color-5)","background-image":"","background-repeat":"repeat","background-position":"center center","background-size":"auto","background-attachment":"scroll","background-type":"","background-media":"","overlay-type":"","overlay-color":"","overlay-opacity":"","overlay-gradient":""},"mobile":{"background-color":"var(--ast-global-color-5)","background-image":"","background-repeat":"repeat","background-position":"center center","background-size":"auto","background-attachment":"scroll","background-type":"","background-media":"","overlay-type":"","overlay-color":"","overlay-opacity":"","overlay-gradient":""}},"_EventAllDay":false,"_EventTimezone":"","_EventStartDate":"","_EventEndDate":"","_EventStartDateUTC":"","_EventEndDateUTC":"","_EventShowMap":false,"_EventShowMapLink":false,"_EventURL":"","_EventCost":"","_EventCostDescription":"","_EventCurrencySymbol":"","_EventCurrencyCode":"","_EventCurrencyPosition":"","_EventDateTimeSeparator":"","_EventTimeRangeSeparator":"","_EventOrganizerID":[],"_EventVenueID":[],"_OrganizerEmail":"","_OrganizerPhone":"","_OrganizerWebsite":"","_VenueAddress":"","_VenueCity":"","_VenueCountry":"","_VenueProvince":"","_VenueState":"","_VenueZip":"","_VenuePhone":"","_VenueURL":"","_VenueStateProvince":"","_VenueLat":"","_VenueLng":"","_VenueShowMap":false,"_VenueShowMapLink":false,"footnotes":""},"class_list":["post-6704","page","type-page","status-publish","hentry"],"_links":{"self":[{"href":"https:\/\/www.lebreuilbourgogne.fr\/index.php\/wp-json\/wp\/v2\/pages\/6704","targetHints":{"allow":["GET"]}}],"collection":[{"href":"https:\/\/www.lebreuilbourgogne.fr\/index.php\/wp-json\/wp\/v2\/pages"}],"about":[{"href":"https:\/\/www.lebreuilbourgogne.fr\/index.php\/wp-json\/wp\/v2\/types\/page"}],"author":[{"embeddable":true,"href":"https:\/\/www.lebreuilbourgogne.fr\/index.php\/wp-json\/wp\/v2\/users\/2"}],"replies":[{"embeddable":true,"href":"https:\/\/www.lebreuilbourgogne.fr\/index.php\/wp-json\/wp\/v2\/comments?post=6704"}],"version-history":[{"count":2,"href":"https:\/\/www.lebreuilbourgogne.fr\/index.php\/wp-json\/wp\/v2\/pages\/6704\/revisions"}],"predecessor-version":[{"id":6710,"href":"https:\/\/www.lebreuilbourgogne.fr\/index.php\/wp-json\/wp\/v2\/pages\/6704\/revisions\/6710"}],"wp:attachment":[{"href":"https:\/\/www.lebreuilbourgogne.fr\/index.php\/wp-json\/wp\/v2\/media?parent=6704"}],"curies":[{"name":"wp","href":"https:\/\/api.w.org\/{rel}","templated":true}]}}